{"id":35055,"date":"2025-04-26T22:35:48","date_gmt":"2025-04-26T18:35:48","guid":{"rendered":"https:\/\/shamsfz.ae\/medienpaket\/"},"modified":"2026-02-09T13:26:57","modified_gmt":"2026-02-09T09:26:57","slug":"medienpaket","status":"publish","type":"page","link":"https:\/\/shamsfz.ae\/de\/medienpaket\/","title":{"rendered":"Medienpaket"},"content":{"rendered":"\t\t<div data-elementor-type=\"wp-page\" data-elementor-id=\"35055\" class=\"elementor elementor-35055 elementor-419\" data-elementor-post-type=\"page\">\n\t\t\t\t<div class=\"elementor-element elementor-element-12b304a e-flex e-con-boxed e-con e-parent\" data-id=\"12b304a\" data-element_type=\"container\" data-e-type=\"container\">\n\t\t\t\t\t<div class=\"e-con-inner\">\n\t\t\t\t<div class=\"elementor-element elementor-element-bd09593 elementor-absolute elementor-widget elementor-widget-image\" data-id=\"bd09593\" data-element_type=\"widget\" data-e-type=\"widget\" data-settings=\"{&quot;_position&quot;:&quot;absolute&quot;}\" data-widget_type=\"image.default\">\n\t\t\t\t<div class=\"elementor-widget-container\">\n\t\t\t\t\t\t\t\t\t\t\t\t\t\t\t<img fetchpriority=\"high\" decoding=\"async\" width=\"800\" height=\"545\" src=\"https:\/\/shamsfz.ae\/wp-content\/uploads\/2025\/04\/Vector-2.svg\" class=\"attachment-large size-large wp-image-35044\" alt=\"\" \/>\t\t\t\t\t\t\t\t\t\t\t\t\t\t\t<\/div>\n\t\t\t\t<\/div>\n\t\t\t\t<div class=\"elementor-element elementor-element-48c74c2 elementor-widget__width-inherit elementor-absolute elementor-widget elementor-widget-image\" data-id=\"48c74c2\" data-element_type=\"widget\" data-e-type=\"widget\" data-settings=\"{&quot;_position&quot;:&quot;absolute&quot;}\" data-widget_type=\"image.default\">\n\t\t\t\t<div class=\"elementor-widget-container\">\n\t\t\t\t\t\t\t\t\t\t\t\t\t\t\t<img decoding=\"async\" width=\"593\" height=\"1024\" src=\"https:\/\/shamsfz.ae\/wp-content\/uploads\/2025\/04\/blur-593x1024.webp\" class=\"attachment-large size-large wp-image-35036\" alt=\"\" srcset=\"https:\/\/shamsfz.ae\/wp-content\/uploads\/2025\/04\/blur-593x1024.webp 593w, https:\/\/shamsfz.ae\/wp-content\/uploads\/2025\/04\/blur-174x300.webp 174w, https:\/\/shamsfz.ae\/wp-content\/uploads\/2025\/04\/blur.webp 732w\" sizes=\"(max-width: 593px) 100vw, 593px\" \/>\t\t\t\t\t\t\t\t\t\t\t\t\t\t\t<\/div>\n\t\t\t\t<\/div>\n\t\t\t\t<div class=\"elementor-element elementor-element-4f5b0e2 elementor-widget__width-inherit elementor-absolute elementor-widget elementor-widget-image\" data-id=\"4f5b0e2\" data-element_type=\"widget\" data-e-type=\"widget\" data-settings=\"{&quot;_position&quot;:&quot;absolute&quot;}\" data-widget_type=\"image.default\">\n\t\t\t\t<div class=\"elementor-widget-container\">\n\t\t\t\t\t\t\t\t\t\t\t\t\t\t\t<img decoding=\"async\" width=\"593\" height=\"1024\" src=\"https:\/\/shamsfz.ae\/wp-content\/uploads\/2025\/04\/blur-593x1024.webp\" class=\"attachment-large size-large wp-image-35036\" alt=\"\" srcset=\"https:\/\/shamsfz.ae\/wp-content\/uploads\/2025\/04\/blur-593x1024.webp 593w, https:\/\/shamsfz.ae\/wp-content\/uploads\/2025\/04\/blur-174x300.webp 174w, https:\/\/shamsfz.ae\/wp-content\/uploads\/2025\/04\/blur.webp 732w\" sizes=\"(max-width: 593px) 100vw, 593px\" \/>\t\t\t\t\t\t\t\t\t\t\t\t\t\t\t<\/div>\n\t\t\t\t<\/div>\n\t\t<div class=\"elementor-element elementor-element-d40ad0a e-con-full e-flex e-con e-child\" data-id=\"d40ad0a\" data-element_type=\"container\" data-e-type=\"container\">\n\t\t<div class=\"elementor-element elementor-element-7986667 e-con-full e-flex e-con e-child\" data-id=\"7986667\" data-element_type=\"container\" data-e-type=\"container\">\n\t\t\t\t<div class=\"elementor-element elementor-element-5e041c5 elementor-widget__width-initial elementor-invisible elementor-widget elementor-widget-heading\" data-id=\"5e041c5\" data-element_type=\"widget\" data-e-type=\"widget\" data-settings=\"{&quot;_animation&quot;:&quot;fadeIn&quot;}\" data-widget_type=\"heading.default\">\n\t\t\t\t<div class=\"elementor-widget-container\">\n\t\t\t\t\t<h1 class=\"elementor-heading-title elementor-size-default\">Shams Free Zone Medienpaket<\/h1>\t\t\t\t<\/div>\n\t\t\t\t<\/div>\n\t\t\t\t<div class=\"elementor-element elementor-element-faffce7 elementor-invisible elementor-widget elementor-widget-heading\" data-id=\"faffce7\" data-element_type=\"widget\" data-e-type=\"widget\" data-settings=\"{&quot;_animation&quot;:&quot;fadeInUp&quot;,&quot;_animation_delay&quot;:20}\" data-widget_type=\"heading.default\">\n\t\t\t\t<div class=\"elementor-widget-container\">\n\t\t\t\t\t<p class=\"elementor-heading-title elementor-size-default\">Alles, was Sie brauchen, um unsere Marke zu repr\u00e4sentieren<\/p>\t\t\t\t<\/div>\n\t\t\t\t<\/div>\n\t\t\t\t<div class=\"elementor-element elementor-element-0a4483c elementor-widget-tablet__width-inherit elementor-widget__width-initial elementor-invisible elementor-widget elementor-widget-heading\" data-id=\"0a4483c\" data-element_type=\"widget\" data-e-type=\"widget\" data-settings=\"{&quot;_animation&quot;:&quot;fadeInUp&quot;,&quot;_animation_delay&quot;:50}\" data-widget_type=\"heading.default\">\n\t\t\t\t<div class=\"elementor-widget-container\">\n\t\t\t\t\t<p class=\"elementor-heading-title elementor-size-default\">Greifen Sie auf unsere Markenrichtlinien, Logos, Verkaufsvorschl\u00e4ge und offiziellen Materialien zu - alles an einem Ort. Egal, ob Sie Partner, Medienkontakt oder Mitarbeiter sind, diese Ressourcen sorgen f\u00fcr Konsistenz und Klarheit an jedem Kontaktpunkt. <\/p>\t\t\t\t<\/div>\n\t\t\t\t<\/div>\n\t\t<div class=\"elementor-element elementor-element-7bb13ef e-con-full e-grid e-con e-child\" data-id=\"7bb13ef\" data-element_type=\"container\" data-e-type=\"container\" id=\"app-media-kit\" data-settings=\"{&quot;background_background&quot;:&quot;classic&quot;}\">\n\t\t<div class=\"elementor-element elementor-element-ff9c604 e-con-full animated-fast e-flex elementor-invisible e-con e-child\" data-id=\"ff9c604\" data-element_type=\"container\" data-e-type=\"container\" data-settings=\"{&quot;background_background&quot;:&quot;classic&quot;,&quot;animation&quot;:&quot;fadeInUp&quot;}\">\n\t\t<div class=\"elementor-element elementor-element-5623cff e-con-full e-flex e-con e-child\" data-id=\"5623cff\" data-element_type=\"container\" data-e-type=\"container\">\n\t\t\t\t<div class=\"elementor-element elementor-element-b538ee5 elementor-view-default elementor-widget elementor-widget-icon\" data-id=\"b538ee5\" data-element_type=\"widget\" data-e-type=\"widget\" data-widget_type=\"icon.default\">\n\t\t\t\t<div class=\"elementor-widget-container\">\n\t\t\t\t\t\t\t<div class=\"elementor-icon-wrapper\">\n\t\t\t<div class=\"elementor-icon\">\n\t\t\t<svg xmlns=\"http:\/\/www.w3.org\/2000\/svg\" width=\"37\" height=\"37\" viewBox=\"0 0 37 37\" fill=\"none\"><path d=\"M0 2.06934C0 0.964768 0.89543 0.0693359 2 0.0693359H27.9755L36.6344 8.65895V34.7038C36.6344 35.8083 35.739 36.7038 34.6344 36.7038H2C0.895432 36.7038 0 35.8083 0 34.7038V2.06934Z\" fill=\"#6226FF\"><\/path><path d=\"M27.9922 5.67552V0L36.6468 8.67552H30.9922C29.3353 8.67552 27.9922 7.33238 27.9922 5.67552Z\" fill=\"#9984FF\"><\/path><path d=\"M8.52488 22.9322V21.2282H10.0969C10.4009 21.2282 10.6609 21.1682 10.8769 21.0482C11.1009 20.9282 11.2729 20.7602 11.3929 20.5442C11.5129 20.3202 11.5729 20.0642 11.5729 19.7762C11.5729 19.4722 11.5129 19.2122 11.3929 18.9962C11.2729 18.7722 11.1009 18.6042 10.8769 18.4922C10.6609 18.3722 10.4009 18.3122 10.0969 18.3122H8.52488V16.6082H10.0009C10.7449 16.6082 11.3809 16.7322 11.9089 16.9802C12.4449 17.2282 12.8529 17.5802 13.1329 18.0362C13.4209 18.4922 13.5649 19.0402 13.5649 19.6802V19.8722C13.5649 20.4962 13.4209 21.0402 13.1329 21.5042C12.8529 21.9602 12.4449 22.3122 11.9089 22.5602C11.3809 22.8082 10.7449 22.9322 10.0009 22.9322H8.52488ZM6.79688 25.4402V16.6082H8.76488V25.4402H6.79688Z\" fill=\"white\"><\/path><path d=\"M16.6488 25.4882V23.6522H18.2808C18.6888 23.6522 19.0568 23.5922 19.3848 23.4722C19.7128 23.3442 19.9928 23.1682 20.2248 22.9442C20.4568 22.7122 20.6328 22.4362 20.7528 22.1162C20.8728 21.7882 20.9328 21.4282 20.9328 21.0362C20.9328 20.6282 20.8728 20.2642 20.7528 19.9442C20.6328 19.6242 20.4568 19.3522 20.2248 19.1282C19.9928 18.9042 19.7128 18.7362 19.3848 18.6242C19.0568 18.5042 18.6888 18.4442 18.2808 18.4442H16.6488V16.6082H18.1728C18.9648 16.6082 19.6568 16.7242 20.2488 16.9562C20.8408 17.1882 21.3368 17.5042 21.7368 17.9042C22.1368 18.3042 22.4328 18.7642 22.6248 19.2842C22.8248 19.7962 22.9248 20.3362 22.9248 20.9042V21.1682C22.9248 21.6962 22.8248 22.2202 22.6248 22.7402C22.4328 23.2522 22.1368 23.7162 21.7368 24.1322C21.3368 24.5402 20.8408 24.8682 20.2488 25.1162C19.6568 25.3642 18.9648 25.4882 18.1728 25.4882H16.6488ZM14.9208 25.4882V16.6082H16.8888V25.4882H14.9208Z\" fill=\"white\"><\/path><path d=\"M24.4158 25.4402V16.6802H26.3838V25.4402H24.4158ZM26.1438 21.9122V20.2802H29.5278V21.9122H26.1438ZM26.1438 18.3122V16.6802H29.6718V18.3122H26.1438Z\" fill=\"white\"><\/path><\/svg>\t\t\t<\/div>\n\t\t<\/div>\n\t\t\t\t\t\t<\/div>\n\t\t\t\t<\/div>\n\t\t\t\t<div class=\"elementor-element elementor-element-8ef377f elementor-view-default elementor-widget elementor-widget-icon\" data-id=\"8ef377f\" data-element_type=\"widget\" data-e-type=\"widget\" data-resource=\"https:\/\/shamsfz.ae\/wp-content\/uploads\/Shams-Brand-Guidelines-2-1.pdf\" data-name=\"Shams Brand Guidelines\" data-widget_type=\"icon.default\">\n\t\t\t\t<div class=\"elementor-widget-container\">\n\t\t\t\t\t\t\t<div class=\"elementor-icon-wrapper\">\n\t\t\t<a class=\"elementor-icon\" href=\"#elementor-action%3Aaction%3Dpopup%3Aopen%26settings%3DeyJpZCI6MTI2NTIsInRvZ2dsZSI6ZmFsc2V9\" target=\"_blank\">\n\t\t\t<svg xmlns=\"http:\/\/www.w3.org\/2000\/svg\" width=\"43\" height=\"43\" viewBox=\"0 0 43 43\" fill=\"none\"><g id=\"Component 85\"><circle id=\"Ellipse 78715\" cx=\"21.5664\" cy=\"21.4375\" r=\"20.5\" transform=\"rotate(90 21.5664 21.4375)\" stroke=\"#DDDDDD\"><\/circle><path id=\"Union\" d=\"M26.4121 21.7678L24.34 21.7678L21.8752 24.2327L21.8752 15.7837L20.4294 15.7837L20.4294 24.2029L17.9943 21.7678L15.9331 21.7678L21.1726 27.0073L26.4121 21.7678Z\" fill=\"black\"><\/path><\/g><\/svg>\t\t\t<\/a>\n\t\t<\/div>\n\t\t\t\t\t\t<\/div>\n\t\t\t\t<\/div>\n\t\t\t\t<\/div>\n\t\t\t\t<div class=\"elementor-element elementor-element-8f25a25 elementor-widget-tablet__width-inherit elementor-widget elementor-widget-text-editor\" data-id=\"8f25a25\" data-element_type=\"widget\" data-e-type=\"widget\" data-widget_type=\"text-editor.default\">\n\t\t\t\t<div class=\"elementor-widget-container\">\n\t\t\t\t\t\t\t\t\t<p>Shams Free Zone Markenrichtlinien<\/p>\t\t\t\t\t\t\t\t<\/div>\n\t\t\t\t<\/div>\n\t\t\t\t<\/div>\n\t\t<div class=\"elementor-element elementor-element-155d267 e-con-full animated-fast e-flex elementor-invisible e-con e-child\" data-id=\"155d267\" data-element_type=\"container\" data-e-type=\"container\" data-settings=\"{&quot;background_background&quot;:&quot;classic&quot;,&quot;animation&quot;:&quot;fadeInUp&quot;}\">\n\t\t<div class=\"elementor-element elementor-element-95eed5c e-con-full e-flex e-con e-child\" data-id=\"95eed5c\" data-element_type=\"container\" data-e-type=\"container\">\n\t\t\t\t<div class=\"elementor-element elementor-element-a5060c4 elementor-view-default elementor-widget elementor-widget-icon\" data-id=\"a5060c4\" data-element_type=\"widget\" data-e-type=\"widget\" data-widget_type=\"icon.default\">\n\t\t\t\t<div class=\"elementor-widget-container\">\n\t\t\t\t\t\t\t<div class=\"elementor-icon-wrapper\">\n\t\t\t<div class=\"elementor-icon\">\n\t\t\t<svg xmlns=\"http:\/\/www.w3.org\/2000\/svg\" width=\"38\" height=\"37\" viewBox=\"0 0 38 37\" fill=\"none\"><g id=\"Group 140833\"><path id=\"Rectangle 61504\" d=\"M0.566406 2.15527C0.566406 1.05071 1.46184 0.155273 2.56641 0.155273H28.5419L37.2008 8.74489V34.7897C37.2008 35.8943 36.3054 36.7897 35.2008 36.7897H2.56641C1.46184 36.7897 0.566406 35.8943 0.566406 34.7897V2.15527Z\" fill=\"#703CF8\"><\/path><path id=\"Vector 185\" d=\"M28.5586 5.76146V0.0859375L37.2132 8.76146H31.5586C29.9017 8.76146 28.5586 7.41831 28.5586 5.76146Z\" fill=\"#703CF8\"><\/path><text x=\"8\" y=\"23\" font-family=\"Arial\" font-size=\"12\" fill=\"white\" font-weight=\"bold\">ZIP<\/text><\/g><\/svg>\t\t\t<\/div>\n\t\t<\/div>\n\t\t\t\t\t\t<\/div>\n\t\t\t\t<\/div>\n\t\t\t\t<div class=\"elementor-element elementor-element-dcb26fd elementor-view-default elementor-widget elementor-widget-icon\" data-id=\"dcb26fd\" data-element_type=\"widget\" data-e-type=\"widget\" data-resource=\"https:\/\/shamsfz.ae\/wp-content\/uploads\/Shams-Brand-Guidelines-2-1.pdf\" data-name=\"Shams Brand Guidelines\" data-widget_type=\"icon.default\">\n\t\t\t\t<div class=\"elementor-widget-container\">\n\t\t\t\t\t\t\t<div class=\"elementor-icon-wrapper\">\n\t\t\t<a class=\"elementor-icon\" href=\"#elementor-action%3Aaction%3Dpopup%3Aopen%26settings%3DeyJpZCI6MTE0ODQsInRvZ2dsZSI6ZmFsc2V9\" target=\"_blank\">\n\t\t\t<svg xmlns=\"http:\/\/www.w3.org\/2000\/svg\" width=\"43\" height=\"43\" viewBox=\"0 0 43 43\" fill=\"none\"><g id=\"Component 85\"><circle id=\"Ellipse 78715\" cx=\"21.5664\" cy=\"21.4375\" r=\"20.5\" transform=\"rotate(90 21.5664 21.4375)\" stroke=\"#DDDDDD\"><\/circle><path id=\"Union\" d=\"M26.4121 21.7678L24.34 21.7678L21.8752 24.2327L21.8752 15.7837L20.4294 15.7837L20.4294 24.2029L17.9943 21.7678L15.9331 21.7678L21.1726 27.0073L26.4121 21.7678Z\" fill=\"black\"><\/path><\/g><\/svg>\t\t\t<\/a>\n\t\t<\/div>\n\t\t\t\t\t\t<\/div>\n\t\t\t\t<\/div>\n\t\t\t\t<\/div>\n\t\t\t\t<div class=\"elementor-element elementor-element-27059cb elementor-widget-tablet__width-inherit elementor-widget elementor-widget-text-editor\" data-id=\"27059cb\" data-element_type=\"widget\" data-e-type=\"widget\" data-widget_type=\"text-editor.default\">\n\t\t\t\t<div class=\"elementor-widget-container\">\n\t\t\t\t\t\t\t\t\t<p>Shams Free Zone Brand Kit<\/p>\t\t\t\t\t\t\t\t<\/div>\n\t\t\t\t<\/div>\n\t\t\t\t<\/div>\n\t\t\t\t<\/div>\n\t\t\t\t<\/div>\n\t\t<div class=\"elementor-element elementor-element-80851d3 e-con-full e-flex e-con e-child\" data-id=\"80851d3\" data-element_type=\"container\" data-e-type=\"container\">\n\t\t\t\t<div class=\"elementor-element elementor-element-2c8220d elementor-invisible elementor-widget elementor-widget-image\" data-id=\"2c8220d\" data-element_type=\"widget\" data-e-type=\"widget\" data-settings=\"{&quot;_animation&quot;:&quot;fadeIn&quot;}\" data-widget_type=\"image.default\">\n\t\t\t\t<div class=\"elementor-widget-container\">\n\t\t\t\t\t\t\t\t\t\t\t\t\t\t\t<img decoding=\"async\" width=\"800\" height=\"1018\" src=\"https:\/\/shamsfz.ae\/wp-content\/uploads\/media-kit-image-e1747120834847-805x1024.webp\" class=\"attachment-large size-large wp-image-11557\" alt=\"\" srcset=\"https:\/\/shamsfz.ae\/wp-content\/uploads\/media-kit-image-e1747120834847-805x1024.webp 805w, https:\/\/shamsfz.ae\/wp-content\/uploads\/media-kit-image-e1747120834847-236x300.webp 236w, https:\/\/shamsfz.ae\/wp-content\/uploads\/media-kit-image-e1747120834847-768x976.webp 768w, https:\/\/shamsfz.ae\/wp-content\/uploads\/media-kit-image-e1747120834847.webp 1080w\" sizes=\"(max-width: 800px) 100vw, 800px\" \/>\t\t\t\t\t\t\t\t\t\t\t\t\t\t\t<\/div>\n\t\t\t\t<\/div>\n\t\t\t\t<\/div>\n\t\t\t\t<\/div>\n\t\t\t\t<div class=\"elementor-element elementor-element-dc0e6c4 elementor-widget elementor-widget-off-canvas\" data-id=\"dc0e6c4\" data-element_type=\"widget\" data-e-type=\"widget\" data-settings=\"{&quot;prevent_scroll&quot;:&quot;yes&quot;}\" data-widget_type=\"off-canvas.default\">\n\t\t\t\t<div class=\"elementor-widget-container\">\n\t\t\t\t\t\t\t<div id=\"off-canvas-dc0e6c4\" class=\"e-off-canvas\" role=\"dialog\" aria-hidden=\"true\" aria-label=\"Medienpaket Off-Canvas\" aria-modal=\"true\" inert=\"\" data-delay-child-handlers=\"true\">\n\t\t\t<div class=\"e-off-canvas__overlay\"><\/div>\n\t\t\t<div class=\"e-off-canvas__main\">\n\t\t\t\t<div class=\"e-off-canvas__content\">\n\t\t\t\t\t<div class=\"elementor-element elementor-element-0e667a9 e-con-full e-flex e-con e-child\" data-id=\"0e667a9\" data-element_type=\"container\" data-e-type=\"container\">\n\t\t\t\t<div class=\"elementor-element elementor-element-5fb6acc elementor-absolute elementor-view-default elementor-widget elementor-widget-icon\" data-id=\"5fb6acc\" data-element_type=\"widget\" data-e-type=\"widget\" data-settings=\"{&quot;_position&quot;:&quot;absolute&quot;}\" data-widget_type=\"icon.default\">\n\t\t\t\t<div class=\"elementor-widget-container\">\n\t\t\t\t\t\t\t<div class=\"elementor-icon-wrapper\">\n\t\t\t<a class=\"elementor-icon\" href=\"#elementor-action%3Aaction%3Dpopup%3Aopen%26settings%3DeyJpZCI6MTI2NTcsInRvZ2dsZSI6ZmFsc2V9\">\n\t\t\t<svg xmlns=\"http:\/\/www.w3.org\/2000\/svg\" width=\"14\" height=\"14\" viewBox=\"0 0 14 14\" fill=\"none\"><path d=\"M0.886719 0.748047L12.7461 12.6074\" stroke=\"black\" stroke-width=\"1.5\"><\/path><path d=\"M0.886719 12.9668L12.7461 0.748047\" stroke=\"black\" stroke-width=\"1.5\"><\/path><\/svg>\t\t\t<\/a>\n\t\t<\/div>\n\t\t\t\t\t\t<\/div>\n\t\t\t\t<\/div>\n\t\t\t\t<div class=\"elementor-element elementor-element-3a6a3f0 elementor-widget elementor-widget-heading\" data-id=\"3a6a3f0\" data-element_type=\"widget\" data-e-type=\"widget\" data-widget_type=\"heading.default\">\n\t\t\t\t<div class=\"elementor-widget-container\">\n\t\t\t\t\t<h2 class=\"elementor-heading-title elementor-size-default\">Zugang zu Ihrem kostenlosen Download<\/h2>\t\t\t\t<\/div>\n\t\t\t\t<\/div>\n\t\t\t\t<div class=\"elementor-element elementor-element-8e412bc elementor-widget elementor-widget-html\" data-id=\"8e412bc\" data-element_type=\"widget\" data-e-type=\"widget\" data-widget_type=\"html.default\">\n\t\t\t\t<div class=\"elementor-widget-container\">\n\t\t\t\t\t<p>F\u00fcllen Sie einfach das Formular aus, um Ihren Download zu starten  <span class=\"app-media-kit-header\" style=\"font-weight: 500;display: block;\"><\/span>\n<\/p>\t\t\t\t<\/div>\n\t\t\t\t<\/div>\n\t\t\t\t<div class=\"elementor-element elementor-element-92102b0 elementor-button-align-end app-media-kit elementor-widget elementor-widget-form\" data-id=\"92102b0\" data-element_type=\"widget\" data-e-type=\"widget\" data-settings=\"{&quot;step_next_label&quot;:&quot;N\\u00e4chste&quot;,&quot;step_previous_label&quot;:&quot;Vorherige&quot;,&quot;button_width&quot;:&quot;100&quot;,&quot;step_type&quot;:&quot;number_text&quot;,&quot;step_icon_shape&quot;:&quot;circle&quot;}\" data-widget_type=\"form.default\">\n\t\t\t\t<div class=\"elementor-widget-container\">\n\t\t\t\t\t\t\t<form class=\"elementor-form\" method=\"post\" name=\"PDF Medienpaket Englisch Logo\" aria-label=\"PDF Medienpaket Englisch Logo\">\n\t\t\t<input type=\"hidden\" name=\"post_id\" value=\"35055\"\/>\n\t\t\t<input type=\"hidden\" name=\"form_id\" value=\"92102b0\"\/>\n\t\t\t<input type=\"hidden\" name=\"referer_title\" value=\"\" \/>\n\n\t\t\t\n\t\t\t<div class=\"elementor-form-fields-wrapper elementor-labels-\">\n\t\t\t\t\t\t\t\t<div class=\"elementor-field-type-text elementor-field-group elementor-column elementor-field-group-name elementor-col-100 elementor-field-required\">\n\t\t\t\t\t\t\t\t\t\t\t\t<label for=\"form-field-name\" class=\"elementor-field-label elementor-screen-only\">\n\t\t\t\t\t\t\t\tVollst\u00e4ndiger Name\t\t\t\t\t\t\t<\/label>\n\t\t\t\t\t\t\t\t\t\t\t\t\t\t<input size=\"1\" type=\"text\" name=\"form_fields[name]\" id=\"form-field-name\" class=\"elementor-field elementor-size-sm  elementor-field-textual\" placeholder=\"Vollst\u00e4ndiger Name\" required=\"required\">\n\t\t\t\t\t\t\t\t\t\t\t<\/div>\n\t\t\t\t\t\t\t\t<div class=\"elementor-field-type-tel elementor-field-group elementor-column elementor-field-group-message elementor-col-100 elementor-field-required\">\n\t\t\t\t\t\t\t\t\t\t\t\t<label for=\"form-field-message\" class=\"elementor-field-label elementor-screen-only\">\n\t\t\t\t\t\t\t\tRufnummer\t\t\t\t\t\t\t<\/label>\n\t\t\t\t\t\t<span class=\"ccfef-editor-intl-input\" data-id=\"form-field-message\" data-field-id=\"92e04b7\" data-default-country=\"ae\" data-include-countries=\"\" data-exclude-countries=\"\" data-common-countries=\"same\" data-prefer-countries=\"\" data-auto-detect-country=\"no\" data-strict-mode=\"no\" data-internationalisation=\"en\"\r\n\t\t\t\t\t\tdata-show-flags=\"yes\" data-dial-code-visibility=\"show\" style=\"display: none;\"><\/span>\t\t<input size=\"1\" type=\"tel\" name=\"form_fields[message]\" id=\"form-field-message\" class=\"elementor-field elementor-size-sm  elementor-field-textual\" placeholder=\"Rufnummer\" required=\"required\" pattern=\"[0-9()#&amp;+*-=.]+\" title=\"Nur Nummern oder Telefon-Zeichen (#, -, *, etc) werden akzeptiert.\">\n\n\t\t\t\t\t\t<\/div>\n\t\t\t\t\t\t\t\t<div class=\"elementor-field-type-email elementor-field-group elementor-column elementor-field-group-email elementor-col-100 elementor-field-required\">\n\t\t\t\t\t\t\t\t\t\t\t\t<label for=\"form-field-email\" class=\"elementor-field-label elementor-screen-only\">\n\t\t\t\t\t\t\t\tE-Mail\t\t\t\t\t\t\t<\/label>\n\t\t\t\t\t\t\t\t\t\t\t\t\t\t<input size=\"1\" type=\"email\" name=\"form_fields[email]\" id=\"form-field-email\" class=\"elementor-field elementor-size-sm  elementor-field-textual\" placeholder=\"E-Mail\" required=\"required\">\n\t\t\t\t\t\t\t\t\t\t\t<\/div>\n\t\t\t\t\t\t\t\t<div class=\"elementor-field-type-html elementor-field-group elementor-column elementor-field-group-field_6716ce7 elementor-col-100\">\n\t\t\t\t\t<span style=\"font-size:14px;line-height:13px;\">Mit dem Absenden dieses Formulars best\u00e4tige ich, dass die von mir gemachten Angaben nach bestem Wissen und Gewissen wahrheitsgem\u00e4\u00df sind, und stimme zu, dass ich per Anruf, E-Mail oder Nachricht kontaktiert werde.<\/span>\n<div style=\"height:25px\"><\/div>\t\t\t\t<\/div>\n\t\t\t\t\t\t\t\t<div class=\"elementor-field-type-hidden elementor-field-group elementor-column elementor-field-group-field_file_name elementor-col-100\">\n\t\t\t\t\t\t\t\t\t\t\t\t\t<input size=\"1\" type=\"hidden\" name=\"form_fields[field_file_name]\" id=\"form-field-field_file_name\" class=\"elementor-field elementor-size-sm  elementor-field-textual\" value=\"PDF-File\">\n\t\t\t\t\t\t\t\t\t\t\t<\/div>\n\t\t\t\t\t\t\t\t<div class=\"elementor-field-group elementor-column elementor-field-type-submit elementor-col-100 e-form__buttons\">\n\t\t\t\t\t<button class=\"elementor-button elementor-size-sm\" type=\"submit\" id=\"app-download-file\">\n\t\t\t\t\t\t<span class=\"elementor-button-content-wrapper\">\n\t\t\t\t\t\t\t\t\t\t\t\t\t\t\t<span class=\"elementor-button-icon\">\n\t\t\t\t\t\t\t\t\t<svg aria-hidden=\"true\" class=\"e-font-icon-svg e-fas-download\" viewBox=\"0 0 512 512\" xmlns=\"http:\/\/www.w3.org\/2000\/svg\"><path d=\"M216 0h80c13.3 0 24 10.7 24 24v168h87.7c17.8 0 26.7 21.5 14.1 34.1L269.7 378.3c-7.5 7.5-19.8 7.5-27.3 0L90.1 226.1c-12.6-12.6-3.7-34.1 14.1-34.1H192V24c0-13.3 10.7-24 24-24zm296 376v112c0 13.3-10.7 24-24 24H24c-13.3 0-24-10.7-24-24V376c0-13.3 10.7-24 24-24h146.7l49 49c20.1 20.1 52.5 20.1 72.6 0l49-49H488c13.3 0 24 10.7 24 24zm-124 88c0-11-9-20-20-20s-20 9-20 20 9 20 20 20 20-9 20-20zm64 0c0-11-9-20-20-20s-20 9-20 20 9 20 20 20 20-9 20-20z\"><\/path><\/svg>\t\t\t\t\t\t\t\t\t\t\t\t\t\t\t\t\t<\/span>\n\t\t\t\t\t\t\t\t\t\t\t\t\t\t\t\t\t\t\t\t\t\t<span class=\"elementor-button-text\">Herunterladen<\/span>\n\t\t\t\t\t\t\t\t\t\t\t\t\t<\/span>\n\t\t\t\t\t<\/button>\n\t\t\t\t<\/div>\n\t\t\t<\/div>\n\t\t<\/form>\n\t\t\t\t\t\t<\/div>\n\t\t\t\t<\/div>\n\t\t\t\t<div class=\"elementor-element elementor-element-3094de5 elementor-widget__width-inherit elementor-absolute elementor-widget elementor-widget-image\" data-id=\"3094de5\" data-element_type=\"widget\" data-e-type=\"widget\" data-settings=\"{&quot;_position&quot;:&quot;absolute&quot;}\" data-widget_type=\"image.default\">\n\t\t\t\t<div class=\"elementor-widget-container\">\n\t\t\t\t\t\t\t\t\t\t\t\t\t\t\t<img loading=\"lazy\" decoding=\"async\" width=\"1080\" height=\"226\" src=\"https:\/\/shamsfz.ae\/wp-content\/uploads\/2025\/04\/a4416437e0a1f8e3849226610b0448cacef12d5a6311cd150fb85b22e794588e.webp\" class=\"attachment-full size-full wp-image-34831\" alt=\"\" srcset=\"https:\/\/shamsfz.ae\/wp-content\/uploads\/2025\/04\/a4416437e0a1f8e3849226610b0448cacef12d5a6311cd150fb85b22e794588e.webp 1080w, https:\/\/shamsfz.ae\/wp-content\/uploads\/2025\/04\/a4416437e0a1f8e3849226610b0448cacef12d5a6311cd150fb85b22e794588e-300x63.webp 300w, https:\/\/shamsfz.ae\/wp-content\/uploads\/2025\/04\/a4416437e0a1f8e3849226610b0448cacef12d5a6311cd150fb85b22e794588e-1024x214.webp 1024w, https:\/\/shamsfz.ae\/wp-content\/uploads\/2025\/04\/a4416437e0a1f8e3849226610b0448cacef12d5a6311cd150fb85b22e794588e-768x161.webp 768w\" sizes=\"(max-width: 1080px) 100vw, 1080px\" \/>\t\t\t\t\t\t\t\t\t\t\t\t\t\t\t<\/div>\n\t\t\t\t<\/div>\n\t\t<div class=\"elementor-element elementor-element-cc16b49 e-con-full e-flex e-con e-child\" data-id=\"cc16b49\" data-element_type=\"container\" data-e-type=\"container\" data-settings=\"{&quot;background_background&quot;:&quot;classic&quot;,&quot;position&quot;:&quot;absolute&quot;}\">\n\t\t\t\t<\/div>\n\t\t\t\t<\/div>\n\t\t\t\t\t\t<\/div>\n\t\t\t<\/div>\n\t\t<\/div>\n\t\t\t\t\t\t<\/div>\n\t\t\t\t<\/div>\n\t\t\t\t\t<\/div>\n\t\t\t\t<\/div>\n\t\t\t\t<\/div>\n\t\t","protected":false},"excerpt":{"rendered":"<p>Shams Free Zone Medienpaket Alles, was Sie brauchen, um unsere Marke zu repr\u00e4sentieren Greifen Sie auf unsere Markenrichtlinien, Logos, Verkaufsvorschl\u00e4ge und offiziellen Materialien zu &#8211; alles an einem Ort. Egal, ob Sie Partner, Medienkontakt oder Mitarbeiter sind, diese Ressourcen sorgen f\u00fcr Konsistenz und Klarheit an jedem Kontaktpunkt. Shams Free Zone Markenrichtlinien ZIP Shams Free Zone [&hellip;]<\/p>\n","protected":false},"author":4,"featured_media":0,"parent":0,"menu_order":0,"comment_status":"closed","ping_status":"closed","template":"elementor_header_footer","meta":{"_acf_changed":false,"footnotes":""},"class_list":["post-35055","page","type-page","status-publish","hentry"],"acf":[],"_links":{"self":[{"href":"https:\/\/shamsfz.ae\/de\/wp-json\/wp\/v2\/pages\/35055","targetHints":{"allow":["GET"]}}],"collection":[{"href":"https:\/\/shamsfz.ae\/de\/wp-json\/wp\/v2\/pages"}],"about":[{"href":"https:\/\/shamsfz.ae\/de\/wp-json\/wp\/v2\/types\/page"}],"author":[{"embeddable":true,"href":"https:\/\/shamsfz.ae\/de\/wp-json\/wp\/v2\/users\/4"}],"replies":[{"embeddable":true,"href":"https:\/\/shamsfz.ae\/de\/wp-json\/wp\/v2\/comments?post=35055"}],"version-history":[{"count":1,"href":"https:\/\/shamsfz.ae\/de\/wp-json\/wp\/v2\/pages\/35055\/revisions"}],"predecessor-version":[{"id":35063,"href":"https:\/\/shamsfz.ae\/de\/wp-json\/wp\/v2\/pages\/35055\/revisions\/35063"}],"wp:attachment":[{"href":"https:\/\/shamsfz.ae\/de\/wp-json\/wp\/v2\/media?parent=35055"}],"curies":[{"name":"wp","href":"https:\/\/api.w.org\/{rel}","templated":true}]}}