{"id":35084,"date":"2025-04-26T23:53:03","date_gmt":"2025-04-26T19:53:03","guid":{"rendered":"https:\/\/shamsfz.ae\/amana\/"},"modified":"2026-02-09T13:28:00","modified_gmt":"2026-02-09T09:28:00","slug":"amana","status":"publish","type":"page","link":"https:\/\/shamsfz.ae\/de\/amana\/","title":{"rendered":"AMANA"},"content":{"rendered":"\t\t<div data-elementor-type=\"wp-page\" data-elementor-id=\"35084\" class=\"elementor elementor-35084 elementor-474\" data-elementor-post-type=\"page\">\n\t\t\t\t<div class=\"elementor-element elementor-element-12b304a e-flex e-con-boxed e-con e-parent\" data-id=\"12b304a\" data-element_type=\"container\" data-e-type=\"container\">\n\t\t\t\t\t<div class=\"e-con-inner\">\n\t\t\t\t<div class=\"elementor-element elementor-element-48c74c2 elementor-widget__width-inherit elementor-absolute elementor-widget elementor-widget-image\" data-id=\"48c74c2\" data-element_type=\"widget\" data-e-type=\"widget\" data-settings=\"{&quot;_position&quot;:&quot;absolute&quot;}\" data-widget_type=\"image.default\">\n\t\t\t\t<div class=\"elementor-widget-container\">\n\t\t\t\t\t\t\t\t\t\t\t\t\t\t\t<img fetchpriority=\"high\" decoding=\"async\" width=\"398\" height=\"759\" src=\"https:\/\/shamsfz.ae\/wp-content\/uploads\/2025\/04\/right-bg.svg\" class=\"attachment-large size-large wp-image-35092\" alt=\"\" \/>\t\t\t\t\t\t\t\t\t\t\t\t\t\t\t<\/div>\n\t\t\t\t<\/div>\n\t\t\t\t<div class=\"elementor-element elementor-element-4f5b0e2 elementor-widget__width-inherit elementor-absolute elementor-widget elementor-widget-image\" data-id=\"4f5b0e2\" data-element_type=\"widget\" data-e-type=\"widget\" data-settings=\"{&quot;_position&quot;:&quot;absolute&quot;}\" data-widget_type=\"image.default\">\n\t\t\t\t<div class=\"elementor-widget-container\">\n\t\t\t\t\t\t\t\t\t\t\t\t\t\t\t<img decoding=\"async\" width=\"369\" height=\"759\" src=\"https:\/\/shamsfz.ae\/wp-content\/uploads\/2025\/04\/bg-left.svg\" class=\"attachment-large size-large wp-image-35091\" alt=\"\" \/>\t\t\t\t\t\t\t\t\t\t\t\t\t\t\t<\/div>\n\t\t\t\t<\/div>\n\t\t<div class=\"elementor-element elementor-element-d40ad0a e-con-full e-flex e-con e-child\" data-id=\"d40ad0a\" data-element_type=\"container\" data-e-type=\"container\">\n\t\t<div class=\"elementor-element elementor-element-7986667 e-con-full e-flex e-con e-child\" data-id=\"7986667\" data-element_type=\"container\" data-e-type=\"container\">\n\t\t\t\t<div class=\"elementor-element elementor-element-5e041c5 elementor-widget__width-initial elementor-invisible elementor-widget elementor-widget-heading\" data-id=\"5e041c5\" data-element_type=\"widget\" data-e-type=\"widget\" data-settings=\"{&quot;_animation&quot;:&quot;fadeIn&quot;}\" data-widget_type=\"heading.default\">\n\t\t\t\t<div class=\"elementor-widget-container\">\n\t\t\t\t\t<h1 class=\"elementor-heading-title elementor-size-default\">AMANA<br>Whistleblowing-Portal<\/h1>\t\t\t\t<\/div>\n\t\t\t\t<\/div>\n\t\t\t\t<div class=\"elementor-element elementor-element-faffce7 elementor-invisible elementor-widget elementor-widget-heading\" data-id=\"faffce7\" data-element_type=\"widget\" data-e-type=\"widget\" data-settings=\"{&quot;_animation&quot;:&quot;fadeInUp&quot;,&quot;_animation_delay&quot;:20}\" data-widget_type=\"heading.default\">\n\t\t\t\t<div class=\"elementor-widget-container\">\n\t\t\t\t\t<p class=\"elementor-heading-title elementor-size-default\">Ein vertraulicher Kanal zur Meldung ernster Bedenken<\/p>\t\t\t\t<\/div>\n\t\t\t\t<\/div>\n\t\t\t\t<div class=\"elementor-element elementor-element-0a4483c elementor-widget-tablet__width-inherit elementor-widget__width-initial elementor-hidden-mobile elementor-invisible elementor-widget elementor-widget-heading\" data-id=\"0a4483c\" data-element_type=\"widget\" data-e-type=\"widget\" data-settings=\"{&quot;_animation&quot;:&quot;fadeInUp&quot;,&quot;_animation_delay&quot;:50}\" data-widget_type=\"heading.default\">\n\t\t\t\t<div class=\"elementor-widget-container\">\n\t\t\t\t\t<p class=\"elementor-heading-title elementor-size-default\">Die Shams Free Zone hat sich verpflichtet, die h\u00f6chsten Standards f\u00fcr Integrit\u00e4t, Transparenz und ethisches Verhalten einzuhalten. Im Rahmen dieser Verpflichtung haben wir das Amana Whistleblowing Portal unterst\u00fctzt - eine sichere und unabh\u00e4ngige Plattform, die es Einzelpersonen erm\u00f6glicht, mutma\u00dfliches Fehlverhalten innerhalb der Organisation zu melden. \n<br><br>Dazu geh\u00f6ren unter anderem Vorf\u00e4lle von Betrug, Bestechung, Fehlverhalten, Interessenkonflikten oder jegliches Verhalten, das die Werte und rechtlichen Verpflichtungen der Shams Free Zone untergr\u00e4bt.\n<br><br>Wir sind der Meinung, dass jeder Mitarbeiter und jeder Interessenvertreter die M\u00f6glichkeit haben sollte, Bedenken zu \u00e4u\u00dfern, ohne Vergeltungsma\u00dfnahmen, Voreingenommenheit oder Konsequenzen bef\u00fcrchten zu m\u00fcssen. \u00dcber das Portal eingereichte Meldungen werden streng vertraulich behandelt, und Hinweisgeber k\u00f6nnen sich daf\u00fcr entscheiden, anonym zu bleiben. \n<br><br>Wenn Ihnen unethische, ungesetzliche oder unsichere Praktiken bekannt sind, bitten wir Sie, diese \u00fcber das Portal zu melden.<\/p>\t\t\t\t<\/div>\n\t\t\t\t<\/div>\n\t\t\t\t<\/div>\n\t\t<div class=\"elementor-element elementor-element-80851d3 e-con-full e-flex e-con e-child\" data-id=\"80851d3\" data-element_type=\"container\" data-e-type=\"container\">\n\t\t<div class=\"elementor-element elementor-element-bb0f664 e-con-full e-flex e-con e-child\" data-id=\"bb0f664\" data-element_type=\"container\" data-e-type=\"container\" data-settings=\"{&quot;background_background&quot;:&quot;classic&quot;}\">\n\t\t\t\t<div class=\"elementor-element elementor-element-cbb5b8c elementor-widget__width-inherit elementor-absolute elementor-widget elementor-widget-image\" data-id=\"cbb5b8c\" data-element_type=\"widget\" data-e-type=\"widget\" data-settings=\"{&quot;_position&quot;:&quot;absolute&quot;}\" data-widget_type=\"image.default\">\n\t\t\t\t<div class=\"elementor-widget-container\">\n\t\t\t\t\t\t\t\t\t\t\t\t\t\t\t<img decoding=\"async\" width=\"1080\" height=\"226\" src=\"https:\/\/shamsfz.ae\/wp-content\/uploads\/2025\/04\/a4416437e0a1f8e3849226610b0448cacef12d5a6311cd150fb85b22e794588e.webp\" class=\"attachment-full size-full wp-image-34831\" alt=\"\" srcset=\"https:\/\/shamsfz.ae\/wp-content\/uploads\/2025\/04\/a4416437e0a1f8e3849226610b0448cacef12d5a6311cd150fb85b22e794588e.webp 1080w, https:\/\/shamsfz.ae\/wp-content\/uploads\/2025\/04\/a4416437e0a1f8e3849226610b0448cacef12d5a6311cd150fb85b22e794588e-300x63.webp 300w, https:\/\/shamsfz.ae\/wp-content\/uploads\/2025\/04\/a4416437e0a1f8e3849226610b0448cacef12d5a6311cd150fb85b22e794588e-1024x214.webp 1024w, https:\/\/shamsfz.ae\/wp-content\/uploads\/2025\/04\/a4416437e0a1f8e3849226610b0448cacef12d5a6311cd150fb85b22e794588e-768x161.webp 768w\" sizes=\"(max-width: 1080px) 100vw, 1080px\" \/>\t\t\t\t\t\t\t\t\t\t\t\t\t\t\t<\/div>\n\t\t\t\t<\/div>\n\t\t\t\t<div class=\"elementor-element elementor-element-d34ae2c gradient-text elementor-widget elementor-widget-text-editor\" data-id=\"d34ae2c\" data-element_type=\"widget\" data-e-type=\"widget\" data-widget_type=\"text-editor.default\">\n\t\t\t\t<div class=\"elementor-widget-container\">\n\t\t\t\t\t\t\t\t\t<p>AMANA<\/p>\t\t\t\t\t\t\t\t<\/div>\n\t\t\t\t<\/div>\n\t\t\t\t<div class=\"elementor-element elementor-element-af0f0d8 elementor-button-align-end elementor-widget elementor-widget-form\" data-id=\"af0f0d8\" data-element_type=\"widget\" data-e-type=\"widget\" data-settings=\"{&quot;step_next_label&quot;:&quot;N\\u00e4chste&quot;,&quot;step_previous_label&quot;:&quot;Vorherige&quot;,&quot;button_width&quot;:&quot;100&quot;,&quot;step_type&quot;:&quot;number_text&quot;,&quot;step_icon_shape&quot;:&quot;circle&quot;}\" data-widget_type=\"form.default\">\n\t\t\t\t<div class=\"elementor-widget-container\">\n\t\t\t\t\t\t\t<form class=\"elementor-form\" method=\"post\" name=\"Neue Form\" aria-label=\"Neue Form\">\n\t\t\t<input type=\"hidden\" name=\"post_id\" value=\"35084\"\/>\n\t\t\t<input type=\"hidden\" name=\"form_id\" value=\"af0f0d8\"\/>\n\t\t\t<input type=\"hidden\" name=\"referer_title\" value=\"\" \/>\n\n\t\t\t\n\t\t\t<div class=\"elementor-form-fields-wrapper elementor-labels-\">\n\t\t\t\t\t\t\t\t<div class=\"elementor-field-type-text elementor-field-group elementor-column elementor-field-group-name elementor-col-100 elementor-field-required\">\n\t\t\t\t\t\t\t\t\t\t\t\t<label for=\"form-field-name\" class=\"elementor-field-label elementor-screen-only\">\n\t\t\t\t\t\t\t\tVollst\u00e4ndiger Name\t\t\t\t\t\t\t<\/label>\n\t\t\t\t\t\t\t\t\t\t\t\t\t\t<input size=\"1\" type=\"text\" name=\"form_fields[name]\" id=\"form-field-name\" class=\"elementor-field elementor-size-sm  elementor-field-textual\" placeholder=\"Vollst\u00e4ndiger Name\" required=\"required\">\n\t\t\t\t\t\t\t\t\t\t\t<\/div>\n\t\t\t\t\t\t\t\t<div class=\"elementor-field-type-tel elementor-field-group elementor-column elementor-field-group-email elementor-col-100 elementor-field-required\">\n\t\t\t\t\t\t\t\t\t\t\t\t<label for=\"form-field-email\" class=\"elementor-field-label elementor-screen-only\">\n\t\t\t\t\t\t\t\tTelefon\t\t\t\t\t\t\t<\/label>\n\t\t\t\t\t\t<span class=\"ccfef-editor-intl-input\" data-id=\"form-field-email\" data-field-id=\"76d2106\" data-default-country=\"ae\" data-include-countries=\"\" data-exclude-countries=\"\" data-common-countries=\"same\" data-prefer-countries=\"\" data-auto-detect-country=\"no\" data-strict-mode=\"no\" data-internationalisation=\"en\"\r\n\t\t\t\t\t\tdata-show-flags=\"yes\" data-dial-code-visibility=\"show\" style=\"display: none;\"><\/span>\t\t<input size=\"1\" type=\"tel\" name=\"form_fields[email]\" id=\"form-field-email\" class=\"elementor-field elementor-size-sm  elementor-field-textual\" placeholder=\"Telefon\" required=\"required\" pattern=\"[0-9()#&amp;+*-=.]+\" title=\"Nur Nummern oder Telefon-Zeichen (#, -, *, etc) werden akzeptiert.\">\n\n\t\t\t\t\t\t<\/div>\n\t\t\t\t\t\t\t\t<div class=\"elementor-field-type-email elementor-field-group elementor-column elementor-field-group-field_84d11a6 elementor-col-100 elementor-field-required\">\n\t\t\t\t\t\t\t\t\t\t\t\t<label for=\"form-field-field_84d11a6\" class=\"elementor-field-label elementor-screen-only\">\n\t\t\t\t\t\t\t\tE-Mail\t\t\t\t\t\t\t<\/label>\n\t\t\t\t\t\t\t\t\t\t\t\t\t\t<input size=\"1\" type=\"email\" name=\"form_fields[field_84d11a6]\" id=\"form-field-field_84d11a6\" class=\"elementor-field elementor-size-sm  elementor-field-textual\" placeholder=\"E-Mail\" required=\"required\">\n\t\t\t\t\t\t\t\t\t\t\t<\/div>\n\t\t\t\t\t\t\t\t<div class=\"elementor-field-type-select elementor-field-group elementor-column elementor-field-group-field_5494de2 elementor-col-100 elementor-field-required\">\n\t\t\t\t\t\t\t\t\t\t\t\t<label for=\"form-field-field_5494de2\" class=\"elementor-field-label elementor-screen-only\">\n\t\t\t\t\t\t\t\tArt des Anliegens\t\t\t\t\t\t\t<\/label>\n\t\t\t\t\t\t\t\t<div class=\"elementor-field elementor-select-wrapper remove-before \">\n\t\t\t<div class=\"select-caret-down-wrapper\">\n\t\t\t\t<svg aria-hidden=\"true\" class=\"e-font-icon-svg e-eicon-caret-down\" viewBox=\"0 0 571.4 571.4\" xmlns=\"http:\/\/www.w3.org\/2000\/svg\"><path d=\"M571 393Q571 407 561 418L311 668Q300 679 286 679T261 668L11 418Q0 407 0 393T11 368 36 357H536Q550 357 561 368T571 393Z\"><\/path><\/svg>\t\t\t<\/div>\n\t\t\t<select name=\"form_fields[field_5494de2]\" id=\"form-field-field_5494de2\" class=\"elementor-field-textual elementor-size-sm\" required=\"required\">\n\t\t\t\t\t\t\t\t\t<option value=\"Art des Anliegens\">Art des Anliegens<\/option>\n\t\t\t\t\t\t\t\t\t<option value=\"Bestechung oder Korruption\">Bestechung oder Korruption<\/option>\n\t\t\t\t\t\t\t\t\t<option value=\"Wirtschaftliche Erpressung\">Wirtschaftliche Erpressung<\/option>\n\t\t\t\t\t\t\t\t\t<option value=\"Diskriminierung oder Bel\u00e4stigung am Arbeitsplatz\">Diskriminierung oder Bel\u00e4stigung am Arbeitsplatz<\/option>\n\t\t\t\t\t\t\t\t\t<option value=\"Rechtliche oder strafrechtliche Verst\u00f6\u00dfe\">Rechtliche oder strafrechtliche Verst\u00f6\u00dfe<\/option>\n\t\t\t\t\t\t\t\t\t<option value=\"Menschenrechtsverletzungen\">Menschenrechtsverletzungen<\/option>\n\t\t\t\t\t\t\t\t\t<option value=\"Betr\u00fcgerische Betr\u00fcgerische Handlungen\">Betr\u00fcgerische Aktivit\u00e4ten<\/option>\n\t\t\t\t\t\t\t\t\t<option value=\"Missmanagement oder Versagen der Unternehmensf\u00fchrung\">Missmanagement oder Versagen der Unternehmensf\u00fchrung<\/option>\n\t\t\t\t\t\t\t\t\t<option value=\"Verletzung des Datenschutzes oder der Datensicherheit\">Verletzung des Datenschutzes oder der Datensicherheit<\/option>\n\t\t\t\t\t\t\t\t\t<option value=\"Interessenkonflikt\">Interessenkonflikt<\/option>\n\t\t\t\t\t\t\t\t\t<option value=\"Diebstahl oder unbefugte Verwendung von Eigentum\">Diebstahl oder unbefugte Verwendung von Eigentum<\/option>\n\t\t\t\t\t\t\t\t\t<option value=\"Missbrauch von Verm\u00f6genswerten\">Missbrauch von Verm\u00f6genswerten<\/option>\n\t\t\t\t\t\t\t\t\t<option value=\"Sonstiges\">Sonstiges<\/option>\n\t\t\t\t\t\t\t<\/select>\n\t\t<\/div>\n\t\t\t\t\t\t<\/div>\n\t\t\t\t\t\t\t\t<div class=\"elementor-field-type-textarea elementor-field-group elementor-column elementor-field-group-message elementor-col-100\">\n\t\t\t\t\t\t\t\t\t\t\t\t<label for=\"form-field-message\" class=\"elementor-field-label elementor-screen-only\">\n\t\t\t\t\t\t\t\tBeschreibung des Vorfalls\t\t\t\t\t\t\t<\/label>\n\t\t\t\t\t\t<textarea class=\"elementor-field-textual elementor-field  elementor-size-sm\" name=\"form_fields[message]\" id=\"form-field-message\" rows=\"4\" placeholder=\"Beschreibung des Vorfalls\"><\/textarea>\t\t\t\t<\/div>\n\t\t\t\t\t\t\t\t<div class=\"elementor-field-type-upload elementor-field-group elementor-column elementor-field-group-field_53c68e4 elementor-col-100\">\n\t\t\t\t\t\t\t\t\t\t\t\t<label for=\"form-field-field_53c68e4\" class=\"elementor-field-label elementor-screen-only\">\n\t\t\t\t\t\t\t\tUnterst\u00fctzende Datei\t\t\t\t\t\t\t<\/label>\n\t\t\t\t\t\t\t\t<input type=\"file\" name=\"form_fields[field_53c68e4]\" id=\"form-field-field_53c68e4\" class=\"elementor-field elementor-size-sm  elementor-upload-field\" data-maxsize=\"10\" data-maxsize-message=\"Diese Datei \u00fcbersteigt die maximale Dateigr\u00f6\u00dfe.\">\n\n\t\t\t\t\t\t<\/div>\n\t\t\t\t\t\t\t\t<div class=\"elementor-field-type-html elementor-field-group elementor-column elementor-field-group-field_6404df2 elementor-col-100\">\n\t\t\t\t\t<span style=\"font-size:14px;line-height:13px;\">Mit dem Absenden dieses Formulars best\u00e4tige ich, dass die von mir gemachten Angaben nach bestem Wissen und Gewissen wahrheitsgetreu sind und dass ich damit einverstanden bin, telefonisch, per E-Mail oder per Nachricht kontaktiert zu werden.<\/span>\t\t\t\t<\/div>\n\t\t\t\t\t\t\t\t<div class=\"elementor-field-group elementor-column elementor-field-type-submit elementor-col-100 e-form__buttons\">\n\t\t\t\t\t<button class=\"elementor-button elementor-size-sm\" type=\"submit\">\n\t\t\t\t\t\t<span class=\"elementor-button-content-wrapper\">\n\t\t\t\t\t\t\t\t\t\t\t\t\t\t\t<span class=\"elementor-button-icon\">\n\t\t\t\t\t\t\t\t\t<svg aria-hidden=\"true\" class=\"e-font-icon-svg e-fas-chevron-right\" viewBox=\"0 0 320 512\" xmlns=\"http:\/\/www.w3.org\/2000\/svg\"><path d=\"M285.476 272.971L91.132 467.314c-9.373 9.373-24.569 9.373-33.941 0l-22.667-22.667c-9.357-9.357-9.375-24.522-.04-33.901L188.505 256 34.484 101.255c-9.335-9.379-9.317-24.544.04-33.901l22.667-22.667c9.373-9.373 24.569-9.373 33.941 0L285.475 239.03c9.373 9.372 9.373 24.568.001 33.941z\"><\/path><\/svg>\t\t\t\t\t\t\t\t\t\t\t\t\t\t\t\t\t<\/span>\n\t\t\t\t\t\t\t\t\t\t\t\t\t\t\t\t\t\t\t\t\t\t<span class=\"elementor-button-text\">SUBMIT<\/span>\n\t\t\t\t\t\t\t\t\t\t\t\t\t<\/span>\n\t\t\t\t\t<\/button>\n\t\t\t\t<\/div>\n\t\t\t<\/div>\n\t\t<\/form>\n\t\t\t\t\t\t<\/div>\n\t\t\t\t<\/div>\n\t\t<div class=\"elementor-element elementor-element-195404c e-con-full e-flex e-con e-child\" data-id=\"195404c\" data-element_type=\"container\" data-e-type=\"container\" data-settings=\"{&quot;background_background&quot;:&quot;classic&quot;}\">\n\t\t\t\t<\/div>\n\t\t\t\t<\/div>\n\t\t\t\t<\/div>\n\t\t\t\t<div class=\"elementor-element elementor-element-6a06041 elementor-widget-tablet__width-inherit elementor-widget__width-initial elementor-hidden-desktop elementor-hidden-tablet elementor-invisible elementor-widget elementor-widget-heading\" data-id=\"6a06041\" data-element_type=\"widget\" data-e-type=\"widget\" data-settings=\"{&quot;_animation&quot;:&quot;fadeInUp&quot;,&quot;_animation_delay&quot;:50}\" data-widget_type=\"heading.default\">\n\t\t\t\t<div class=\"elementor-widget-container\">\n\t\t\t\t\t<p class=\"elementor-heading-title elementor-size-default\">Die Shams Free Zone hat sich verpflichtet, die h\u00f6chsten Standards f\u00fcr Integrit\u00e4t, Transparenz und ethisches Verhalten einzuhalten. Im Rahmen dieser Verpflichtung haben wir das Amana Whistleblowing Portal unterst\u00fctzt - eine sichere und unabh\u00e4ngige Plattform, die es Einzelpersonen erm\u00f6glicht, mutma\u00dfliches Fehlverhalten innerhalb der Organisation zu melden. \n<br><br>Dazu geh\u00f6ren unter anderem Vorf\u00e4lle von Betrug, Bestechung, Fehlverhalten, Interessenkonflikten oder jegliches Verhalten, das die Werte und rechtlichen Verpflichtungen der Shams Free Zone untergr\u00e4bt.\n<br><br>Wir sind der Meinung, dass jeder Mitarbeiter und jeder Interessenvertreter die M\u00f6glichkeit haben sollte, Bedenken zu \u00e4u\u00dfern, ohne Vergeltungsma\u00dfnahmen, Voreingenommenheit oder Konsequenzen bef\u00fcrchten zu m\u00fcssen. \u00dcber das Portal eingereichte Meldungen werden streng vertraulich behandelt, und Hinweisgeber k\u00f6nnen sich daf\u00fcr entscheiden, anonym zu bleiben. \n<br><br>Wenn Ihnen unethische, ungesetzliche oder unsichere Praktiken bekannt sind, bitten wir Sie, diese \u00fcber das Portal zu melden.<\/p>\t\t\t\t<\/div>\n\t\t\t\t<\/div>\n\t\t\t\t<\/div>\n\t\t\t\t\t<\/div>\n\t\t\t\t<\/div>\n\t\t\t\t<\/div>\n\t\t","protected":false},"excerpt":{"rendered":"<p>AMANAWhistleblowing-Portal Ein vertraulicher Kanal zur Meldung ernster Bedenken Die Shams Free Zone hat sich verpflichtet, die h\u00f6chsten Standards f\u00fcr Integrit\u00e4t, Transparenz und ethisches Verhalten einzuhalten. Im Rahmen dieser Verpflichtung haben wir das Amana Whistleblowing Portal unterst\u00fctzt &#8211; eine sichere und unabh\u00e4ngige Plattform, die es Einzelpersonen erm\u00f6glicht, mutma\u00dfliches Fehlverhalten innerhalb der Organisation zu melden. Dazu geh\u00f6ren [&hellip;]<\/p>\n","protected":false},"author":3,"featured_media":0,"parent":0,"menu_order":0,"comment_status":"closed","ping_status":"closed","template":"elementor_header_footer","meta":{"_acf_changed":false,"footnotes":""},"class_list":["post-35084","page","type-page","status-publish","hentry"],"acf":[],"_links":{"self":[{"href":"https:\/\/shamsfz.ae\/de\/wp-json\/wp\/v2\/pages\/35084","targetHints":{"allow":["GET"]}}],"collection":[{"href":"https:\/\/shamsfz.ae\/de\/wp-json\/wp\/v2\/pages"}],"about":[{"href":"https:\/\/shamsfz.ae\/de\/wp-json\/wp\/v2\/types\/page"}],"author":[{"embeddable":true,"href":"https:\/\/shamsfz.ae\/de\/wp-json\/wp\/v2\/users\/3"}],"replies":[{"embeddable":true,"href":"https:\/\/shamsfz.ae\/de\/wp-json\/wp\/v2\/comments?post=35084"}],"version-history":[{"count":1,"href":"https:\/\/shamsfz.ae\/de\/wp-json\/wp\/v2\/pages\/35084\/revisions"}],"predecessor-version":[{"id":35087,"href":"https:\/\/shamsfz.ae\/de\/wp-json\/wp\/v2\/pages\/35084\/revisions\/35087"}],"wp:attachment":[{"href":"https:\/\/shamsfz.ae\/de\/wp-json\/wp\/v2\/media?parent=35084"}],"curies":[{"name":"wp","href":"https:\/\/api.w.org\/{rel}","templated":true}]}}