{"id":37334,"date":"2025-04-26T11:25:53","date_gmt":"2025-04-26T07:25:53","guid":{"rendered":"https:\/\/shamsfz.ae\/cookie-richtlinie\/"},"modified":"2026-03-30T08:37:13","modified_gmt":"2026-03-30T04:37:13","slug":"cookie-richtlinie","status":"publish","type":"page","link":"https:\/\/shamsfz.ae\/de\/cookie-richtlinie\/","title":{"rendered":"Cookie-Richtlinie"},"content":{"rendered":"\t\t<div data-elementor-type=\"wp-page\" data-elementor-id=\"37334\" class=\"elementor elementor-37334 elementor-85\" data-elementor-post-type=\"page\">\n\t\t\t\t<div class=\"elementor-element elementor-element-d764cca e-con-full e-flex e-con e-parent\" data-id=\"d764cca\" data-element_type=\"container\" data-e-type=\"container\">\n\t\t\t\t<div class=\"elementor-element elementor-element-e78f987 elementor-widget__width-initial elementor-widget elementor-widget-heading\" data-id=\"e78f987\" data-element_type=\"widget\" data-e-type=\"widget\" data-widget_type=\"heading.default\">\n\t\t\t\t<div class=\"elementor-widget-container\">\n\t\t\t\t\t<h1 class=\"elementor-heading-title elementor-size-default\">Unsere Cookie-Richtlinie bei Shams Free Zone<\/h1>\t\t\t\t<\/div>\n\t\t\t\t<\/div>\n\t\t\t\t<div class=\"elementor-element elementor-element-bc0bb94 elementor-widget elementor-widget-heading\" data-id=\"bc0bb94\" data-element_type=\"widget\" data-e-type=\"widget\" data-widget_type=\"heading.default\">\n\t\t\t\t<div class=\"elementor-widget-container\">\n\t\t\t\t\t<h6 class=\"elementor-heading-title elementor-size-default\">Erfahren Sie mehr dar\u00fcber, wie wir Cookies und pers\u00f6nliche Daten, die auf unserer Website gesammelt werden, verwenden.<\/h6>\t\t\t\t<\/div>\n\t\t\t\t<\/div>\n\t\t\t\t<div class=\"elementor-element elementor-element-bd3ab07 elementor-widget elementor-widget-heading\" data-id=\"bd3ab07\" data-element_type=\"widget\" data-e-type=\"widget\" data-widget_type=\"heading.default\">\n\t\t\t\t<div class=\"elementor-widget-container\">\n\t\t\t\t\t<h6 class=\"elementor-heading-title elementor-size-default\">Diese Datenschutzrichtlinie wurde zuletzt am Montag, 15. Februar 2018 ge\u00e4ndert.<\/h6>\t\t\t\t<\/div>\n\t\t\t\t<\/div>\n\t\t\t\t<div class=\"elementor-element elementor-element-9190874 elementor-widget__width-initial elementor-widget elementor-widget-text-editor\" data-id=\"9190874\" data-element_type=\"widget\" data-e-type=\"widget\" data-widget_type=\"text-editor.default\">\n\t\t\t\t<div class=\"elementor-widget-container\">\n\t\t\t\t\t\t\t\t\t<p>Diese Seite informiert Sie \u00fcber unsere Richtlinien bez\u00fcglich der Erfassung, Verwendung und Weitergabe von pers\u00f6nlichen Daten, die wir von Nutzern der Website erhalten. Wir verwenden Ihre pers\u00f6nlichen Daten nur f\u00fcr die Bereitstellung und Verbesserung der Website. Durch die Nutzung der Website erkl\u00e4ren Sie sich mit der Erfassung und Verwendung von Informationen in \u00dcbereinstimmung mit dieser Richtlinie einverstanden.  <\/p><p>Sie erreichen uns per E-Mail unter <a href=\"mailto:info@shams.ae\">info@shams.ae<\/a>, oder rufen Sie uns an unter 800-74267.<\/p>\t\t\t\t\t\t\t\t<\/div>\n\t\t\t\t<\/div>\n\t\t<div class=\"elementor-element elementor-element-7177400 e-con-full e-flex e-con e-child\" data-id=\"7177400\" data-element_type=\"container\" data-e-type=\"container\">\n\t\t\t\t<div class=\"elementor-element elementor-element-e7c4f80 elementor-widget__width-inherit elementor-widget elementor-widget-heading\" data-id=\"e7c4f80\" data-element_type=\"widget\" data-e-type=\"widget\" data-widget_type=\"heading.default\">\n\t\t\t\t<div class=\"elementor-widget-container\">\n\t\t\t\t\t<div class=\"elementor-heading-title elementor-size-default\">Sammlung und Verwendung von Verbraucherinformationen\n<\/div>\t\t\t\t<\/div>\n\t\t\t\t<\/div>\n\t\t\t\t<div class=\"elementor-element elementor-element-2ce29f7 elementor-widget__width-initial elementor-widget elementor-widget-text-editor\" data-id=\"2ce29f7\" data-element_type=\"widget\" data-e-type=\"widget\" data-widget_type=\"text-editor.default\">\n\t\t\t\t<div class=\"elementor-widget-container\">\n\t\t\t\t\t\t\t\t\t<p>In Bezug auf Cookies: Wir verwenden Cookies nur, um die Besuche auf unserer Website zu verfolgen, wir speichern keine pers\u00f6nlichen Daten. Wenn Sie auf dieser Seite weitersurfen, erkl\u00e4ren Sie sich mit der Verwendung von Cookies einverstanden. Wenn Sie in Zukunft keine E-Mails mehr von uns erhalten m\u00f6chten, teilen Sie uns dies bitte mit, indem Sie uns eine E-Mail an die oben genannte Adresse schicken, uns unter der oben genannten Telefonnummer anrufen oder Ihr Online-Profil (\u00fcber unsere E-Mail-Abonnement-Plattform) aktualisieren.  <\/p>\t\t\t\t\t\t\t\t<\/div>\n\t\t\t\t<\/div>\n\t\t\t\t<\/div>\n\t\t<div class=\"elementor-element elementor-element-8a5d0a8 e-con-full e-flex e-con e-child\" data-id=\"8a5d0a8\" data-element_type=\"container\" data-e-type=\"container\">\n\t\t\t\t<div class=\"elementor-element elementor-element-1512e16 elementor-widget__width-inherit elementor-widget elementor-widget-heading\" data-id=\"1512e16\" data-element_type=\"widget\" data-e-type=\"widget\" data-widget_type=\"heading.default\">\n\t\t\t\t<div class=\"elementor-widget-container\">\n\t\t\t\t\t<div class=\"elementor-heading-title elementor-size-default\">E-Mail-Kundenlisten: Sammlung, Verwendung und Einstellungsm\u00f6glichkeiten<\/div>\t\t\t\t<\/div>\n\t\t\t\t<\/div>\n\t\t\t\t<div class=\"elementor-element elementor-element-8bd7462 elementor-widget__width-initial elementor-widget elementor-widget-text-editor\" data-id=\"8bd7462\" data-element_type=\"widget\" data-e-type=\"widget\" data-widget_type=\"text-editor.default\">\n\t\t\t\t<div class=\"elementor-widget-container\">\n\t\t\t\t\t\t\t\t\t<p>Wenn Sie Shams Ihre E-Mail-Adresse zur Verf\u00fcgung stellen (beim Ausf\u00fcllen einer Anfrage auf unserer Website, bei der Buchung einer Dienstleistung \u00fcber unser Verkaufsb\u00fcro, bei der Anforderung eines Angebots oder anderer Informationen oder w\u00e4hrend einer von Shams veranstalteten Veranstaltung usw.), werden wir diese E-Mail-Adresse f\u00fcr Shams Marketing-Anfragen und elektronische Newsletter-Versendungen verwenden. Sie k\u00f6nnen sich jederzeit von diesen elektronischen Mitteilungen abmelden, indem Sie die Anweisungen in unseren E-Mails befolgen. Zus\u00e4tzlich zu den soeben beschriebenen E-Mails erhalten alle Shams-Kunden Shams-Updates und andere n\u00fctzliche Informationen zum Gesch\u00e4ftsaufbau in den Vereinigten Arabischen Emiraten. Wenn Sie ein Shams-Kunde sind und den Erhalt dieser Shams-E-Mails ablehnen m\u00f6chten, teilen Sie uns dies bitte mit, indem Sie eine E-Mail an die oben genannte Adresse senden oder die oben genannte Telefonnummer anrufen.   <\/p>\t\t\t\t\t\t\t\t<\/div>\n\t\t\t\t<\/div>\n\t\t\t\t<\/div>\n\t\t<div class=\"elementor-element elementor-element-f71086d e-con-full e-flex e-con e-child\" data-id=\"f71086d\" data-element_type=\"container\" data-e-type=\"container\">\n\t\t\t\t<div class=\"elementor-element elementor-element-8e45cbe elementor-widget__width-initial elementor-widget elementor-widget-heading\" data-id=\"8e45cbe\" data-element_type=\"widget\" data-e-type=\"widget\" data-widget_type=\"heading.default\">\n\t\t\t\t<div class=\"elementor-widget-container\">\n\t\t\t\t\t<div class=\"elementor-heading-title elementor-size-default\">Telefonnummern von Kunden<\/div>\t\t\t\t<\/div>\n\t\t\t\t<\/div>\n\t\t\t\t<div class=\"elementor-element elementor-element-2617bcb elementor-widget__width-initial elementor-widget elementor-widget-text-editor\" data-id=\"2617bcb\" data-element_type=\"widget\" data-e-type=\"widget\" data-widget_type=\"text-editor.default\">\n\t\t\t\t<div class=\"elementor-widget-container\">\n\t\t\t\t\t\t\t\t\t<p>Personen, die uns ihre Telefon- oder Faxnummer online mitteilen, k\u00f6nnen von uns telefonisch kontaktiert werden, um Informationen zu Bestellungen, die sie online aufgegeben haben, oder Informationen zu neuen Produkten und Dienstleistungen oder bevorstehenden Veranstaltungen zu erhalten. Wenn Sie keine solchen Telefonanrufe erhalten m\u00f6chten, teilen Sie uns dies bitte mit, indem Sie eine E-Mail an die oben genannte Adresse senden oder die oben genannte Telefonnummer anrufen. Bitte geben Sie uns Ihre korrekte Telefonnummer an. Wir werden daf\u00fcr sorgen, dass Ihr Name von der Liste gestrichen wird. Wir geben keine Telefonnummern an Personen au\u00dferhalb der Organisation weiter.    <\/p>\t\t\t\t\t\t\t\t<\/div>\n\t\t\t\t<\/div>\n\t\t\t\t<\/div>\n\t\t<div class=\"elementor-element elementor-element-9cd7b26 e-con-full e-flex e-con e-child\" data-id=\"9cd7b26\" data-element_type=\"container\" data-e-type=\"container\">\n\t\t\t\t<div class=\"elementor-element elementor-element-4fc41de elementor-widget__width-initial elementor-widget elementor-widget-heading\" data-id=\"4fc41de\" data-element_type=\"widget\" data-e-type=\"widget\" data-widget_type=\"heading.default\">\n\t\t\t\t<div class=\"elementor-widget-container\">\n\t\t\t\t\t<div class=\"elementor-heading-title elementor-size-default\">Sicherheit\n<\/div>\t\t\t\t<\/div>\n\t\t\t\t<\/div>\n\t\t\t\t<div class=\"elementor-element elementor-element-974f5c8 elementor-widget__width-initial elementor-widget elementor-widget-text-editor\" data-id=\"974f5c8\" data-element_type=\"widget\" data-e-type=\"widget\" data-widget_type=\"text-editor.default\">\n\t\t\t\t<div class=\"elementor-widget-container\">\n\t\t\t\t\t\t\t\t\t<p>Die Sicherheit Ihrer pers\u00f6nlichen Daten ist uns wichtig, aber denken Sie daran, dass keine Methode der \u00dcbertragung \u00fcber das Internet und keine Methode der elektronischen Speicherung 100% sicher ist. Obwohl wir uns bem\u00fchen, kommerziell annehmbare Mittel zum Schutz Ihrer pers\u00f6nlichen Daten einzusetzen, k\u00f6nnen wir deren absolute Sicherheit nicht garantieren. <\/p>\t\t\t\t\t\t\t\t<\/div>\n\t\t\t\t<\/div>\n\t\t\t\t<\/div>\n\t\t<div class=\"elementor-element elementor-element-ba7c52c e-con-full e-flex e-con e-child\" data-id=\"ba7c52c\" data-element_type=\"container\" data-e-type=\"container\">\n\t\t\t\t<div class=\"elementor-element elementor-element-9f82896 elementor-widget__width-initial elementor-widget elementor-widget-heading\" data-id=\"9f82896\" data-element_type=\"widget\" data-e-type=\"widget\" data-widget_type=\"heading.default\">\n\t\t\t\t<div class=\"elementor-widget-container\">\n\t\t\t\t\t<div class=\"elementor-heading-title elementor-size-default\">Zahlungen mit Kreditkarte\n<\/div>\t\t\t\t<\/div>\n\t\t\t\t<\/div>\n\t\t\t\t<div class=\"elementor-element elementor-element-228aa80 elementor-widget__width-initial elementor-widget elementor-widget-text-editor\" data-id=\"228aa80\" data-element_type=\"widget\" data-e-type=\"widget\" data-widget_type=\"text-editor.default\">\n\t\t\t\t<div class=\"elementor-widget-container\">\n\t\t\t\t\t\t\t\t\t<p>Sharjah Media City (Shams) verf\u00fcgt \u00fcber ein &#8222;sicheres&#8220; Transaktionssystem zur \u00dcberpr\u00fcfung und zum Schutz Ihrer Kreditkartendaten. Online-Zahlungen f\u00fcr Veranstaltungen werden \u00fcber eine sichere und leistungsstarke 228-Bit-Verschl\u00fcsselung durchgef\u00fchrt, um Ihre Daten zu sch\u00fctzen. <\/p>\t\t\t\t\t\t\t\t<\/div>\n\t\t\t\t<\/div>\n\t\t\t\t<\/div>\n\t\t<div class=\"elementor-element elementor-element-5859e3c e-con-full e-flex e-con e-child\" data-id=\"5859e3c\" data-element_type=\"container\" data-e-type=\"container\">\n\t\t\t\t<div class=\"elementor-element elementor-element-cafb996 elementor-widget__width-initial elementor-widget elementor-widget-heading\" data-id=\"cafb996\" data-element_type=\"widget\" data-e-type=\"widget\" data-widget_type=\"heading.default\">\n\t\t\t\t<div class=\"elementor-widget-container\">\n\t\t\t\t\t<div class=\"elementor-heading-title elementor-size-default\">Online-Zahlungen\n<\/div>\t\t\t\t<\/div>\n\t\t\t\t<\/div>\n\t\t\t\t<div class=\"elementor-element elementor-element-31b0014 elementor-widget__width-initial elementor-widget elementor-widget-text-editor\" data-id=\"31b0014\" data-element_type=\"widget\" data-e-type=\"widget\" data-widget_type=\"text-editor.default\">\n\t\t\t\t<div class=\"elementor-widget-container\">\n\t\t\t\t\t\t\t\t\t<ul><li>Alle Kredit-\/Debitkartendaten und pers\u00f6nlich identifizierbaren Informationen werden NICHT gespeichert, verkauft, weitergegeben, vermietet oder an Dritte weitergegeben.<\/li><li>Sharjah Media City (Shams) wird keine Debit-\/Kreditkartendaten an Dritte weitergeben.<\/li><li>Sharjah Media City (Shams) ergreift geeignete Ma\u00dfnahmen, um den Datenschutz und die Datensicherheit zu gew\u00e4hrleisten, unter anderem durch verschiedene Hardware- und Software-Methoden. Dennoch kann<a href=\"https:\/\/www.shams.ae\/?hsLang=en\" rel=\"noopener\" target=\"_blank\">(shams.ae<\/a>) die Sicherheit von Informationen, die online ver\u00f6ffentlicht werden, nicht garantieren. <\/li><li>Sharjah Media City (Shams) ist nicht verantwortlich f\u00fcr die Datenschutzrichtlinien von Websites, auf die sie verlinkt. Wenn Sie solchen Dritten Informationen zur Verf\u00fcgung stellen, gelten m\u00f6glicherweise andere Regeln f\u00fcr die Erfassung und Verwendung Ihrer pers\u00f6nlichen Daten. Sie sollten sich direkt an diese Unternehmen wenden, wenn Sie Fragen zur Verwendung der von ihnen erfassten Daten haben.  <\/li><li>Die Richtlinien und Gesch\u00e4ftsbedingungen der Website k\u00f6nnen gelegentlich ge\u00e4ndert oder aktualisiert werden, um den Anforderungen und Standards zu entsprechen. Wir empfehlen unseren Kunden daher, diese Abschnitte regelm\u00e4\u00dfig zu besuchen, um sich \u00fcber die \u00c4nderungen auf der Website zu informieren. Die \u00c4nderungen werden an dem Tag wirksam, an dem sie ver\u00f6ffentlicht werden.  <\/li><\/ul>\t\t\t\t\t\t\t\t<\/div>\n\t\t\t\t<\/div>\n\t\t\t\t<\/div>\n\t\t<div class=\"elementor-element elementor-element-7fd0db0 e-con-full e-flex e-con e-child\" data-id=\"7fd0db0\" data-element_type=\"container\" data-e-type=\"container\">\n\t\t\t\t<div class=\"elementor-element elementor-element-597a722 elementor-widget__width-initial elementor-widget elementor-widget-heading\" data-id=\"597a722\" data-element_type=\"widget\" data-e-type=\"widget\" data-widget_type=\"heading.default\">\n\t\t\t\t<div class=\"elementor-widget-container\">\n\t\t\t\t\t<div class=\"elementor-heading-title elementor-size-default\">Links zu anderen Websites\n<\/div>\t\t\t\t<\/div>\n\t\t\t\t<\/div>\n\t\t\t\t<div class=\"elementor-element elementor-element-52685ce elementor-widget__width-initial elementor-widget elementor-widget-text-editor\" data-id=\"52685ce\" data-element_type=\"widget\" data-e-type=\"widget\" data-widget_type=\"text-editor.default\">\n\t\t\t\t<div class=\"elementor-widget-container\">\n\t\t\t\t\t\t\t\t\t<p>Unsere Website kann Links zu anderen Websites enthalten, die nicht von uns betrieben werden. Wenn Sie auf einen Link eines Dritten klicken, werden Sie auf die Seite dieses Dritten weitergeleitet. Wir raten Ihnen dringend, die Datenschutzrichtlinien jeder Website, die Sie besuchen, zu lesen. Shams hat keine Kontrolle \u00fcber den Inhalt, die Datenschutzrichtlinien oder die Praktiken von Websites oder Diensten Dritter und \u00fcbernimmt keine Verantwortung f\u00fcr diese.   <\/p>\t\t\t\t\t\t\t\t<\/div>\n\t\t\t\t<\/div>\n\t\t\t\t<\/div>\n\t\t<div class=\"elementor-element elementor-element-ceec9f8 e-con-full e-flex e-con e-child\" data-id=\"ceec9f8\" data-element_type=\"container\" data-e-type=\"container\">\n\t\t\t\t<div class=\"elementor-element elementor-element-b37b085 elementor-widget__width-initial elementor-widget elementor-widget-heading\" data-id=\"b37b085\" data-element_type=\"widget\" data-e-type=\"widget\" data-widget_type=\"heading.default\">\n\t\t\t\t<div class=\"elementor-widget-container\">\n\t\t\t\t\t<div class=\"elementor-heading-title elementor-size-default\">\u00c4nderungen an dieser Datenschutzrichtlinie\n<\/div>\t\t\t\t<\/div>\n\t\t\t\t<\/div>\n\t\t\t\t<div class=\"elementor-element elementor-element-ce37756 elementor-widget__width-initial elementor-widget elementor-widget-text-editor\" data-id=\"ce37756\" data-element_type=\"widget\" data-e-type=\"widget\" data-widget_type=\"text-editor.default\">\n\t\t\t\t<div class=\"elementor-widget-container\">\n\t\t\t\t\t\t\t\t\t<p>Shams kann diese Datenschutzrichtlinie von Zeit zu Zeit aktualisieren. Wir werden Sie \u00fcber alle \u00c4nderungen informieren, indem wir die neue Datenschutzrichtlinie auf der Site ver\u00f6ffentlichen. Wir empfehlen Ihnen, diese Datenschutzrichtlinie regelm\u00e4\u00dfig auf \u00c4nderungen zu \u00fcberpr\u00fcfen.  <\/p>\t\t\t\t\t\t\t\t<\/div>\n\t\t\t\t<\/div>\n\t\t\t\t<div class=\"elementor-element elementor-element-2e6040e elementor-widget__width-initial elementor-widget elementor-widget-heading\" data-id=\"2e6040e\" data-element_type=\"widget\" data-e-type=\"widget\" data-widget_type=\"heading.default\">\n\t\t\t\t<div class=\"elementor-widget-container\">\n\t\t\t\t\t<div class=\"elementor-heading-title elementor-size-default\">Kontaktieren Sie uns\n<\/div>\t\t\t\t<\/div>\n\t\t\t\t<\/div>\n\t\t\t\t<div class=\"elementor-element elementor-element-3b342e9 elementor-widget__width-initial elementor-widget elementor-widget-text-editor\" data-id=\"3b342e9\" data-element_type=\"widget\" data-e-type=\"widget\" data-widget_type=\"text-editor.default\">\n\t\t\t\t<div class=\"elementor-widget-container\">\n\t\t\t\t\t\t\t\t\t<main id=\"main-content\" class=\"body-container-wrapper\"><\/main><div class=\"container-fluid body-container body-container--about\"><div class=\"row-fluid-wrapper\"><div class=\"row-fluid\"><div class=\"span12 widget-span widget-type-cell \" data-widget-type=\"cell\" data-x=\"0\" data-w=\"12\"><div class=\"row-fluid-wrapper row-depth-1 row-number-3 dnd_area-row-1-padding dnd-section\"><div class=\"row-fluid \"><div class=\"span12 widget-span widget-type-cell dnd-column\" data-widget-type=\"cell\" data-x=\"0\" data-w=\"12\"><div class=\"row-fluid-wrapper row-depth-1 row-number-4 dnd-row\"><div class=\"row-fluid \"><div class=\"span12 widget-span widget-type-custom_widget dnd-module\" data-widget-type=\"custom_widget\" data-x=\"0\" data-w=\"12\"><div id=\"hs_cos_wrapper_widget_1690375568675\" class=\"hs_cos_wrapper hs_cos_wrapper_widget hs_cos_wrapper_type_module widget-type-rich_text\" data-hs-cos-general-type=\"widget\" data-hs-cos-type=\"module\"><p>Wenn Sie Fragen zu dieser Datenschutzrichtlinie haben, <a title=\"Kontakt Shams\" href=\"https:\/\/www.shamsfz.ae\/contact-us\" rel=\"noopener\">kontaktieren Sie uns<\/a> bitte<\/p><\/div><\/div><\/div><\/div><\/div><\/div><\/div><\/div><\/div><\/div><\/div><p> <\/p><div data-global-resource-path=\"Shams\/templates\/partials\/footer.html\"><div class=\"footer enable\"><div class=\"footer-row-1\"><div class=\"content-wrapper\"><div class=\"footer-flex\"><div class=\"footer-row-1-left\"> <\/div><\/div><\/div><\/div><\/div><\/div>\t\t\t\t\t\t\t\t<\/div>\n\t\t\t\t<\/div>\n\t\t\t\t<\/div>\n\t\t\t\t<\/div>\n\t\t\t\t<\/div>\n\t\t","protected":false},"excerpt":{"rendered":"<p>Unsere Cookie-Richtlinie bei Shams Free Zone Erfahren Sie mehr dar\u00fcber, wie wir Cookies und pers\u00f6nliche Daten, die auf unserer Website gesammelt werden, verwenden. Diese Datenschutzrichtlinie wurde zuletzt am Montag, 15. Februar 2018 ge\u00e4ndert. Diese Seite informiert Sie \u00fcber unsere Richtlinien bez\u00fcglich der Erfassung, Verwendung und Weitergabe von pers\u00f6nlichen Daten, die wir von Nutzern der Website [&hellip;]<\/p>\n","protected":false},"author":1,"featured_media":0,"parent":0,"menu_order":0,"comment_status":"closed","ping_status":"closed","template":"elementor_header_footer","meta":{"_acf_changed":false,"footnotes":""},"class_list":["post-37334","page","type-page","status-publish","hentry"],"acf":[],"_links":{"self":[{"href":"https:\/\/shamsfz.ae\/de\/wp-json\/wp\/v2\/pages\/37334","targetHints":{"allow":["GET"]}}],"collection":[{"href":"https:\/\/shamsfz.ae\/de\/wp-json\/wp\/v2\/pages"}],"about":[{"href":"https:\/\/shamsfz.ae\/de\/wp-json\/wp\/v2\/types\/page"}],"author":[{"embeddable":true,"href":"https:\/\/shamsfz.ae\/de\/wp-json\/wp\/v2\/users\/1"}],"replies":[{"embeddable":true,"href":"https:\/\/shamsfz.ae\/de\/wp-json\/wp\/v2\/comments?post=37334"}],"version-history":[{"count":1,"href":"https:\/\/shamsfz.ae\/de\/wp-json\/wp\/v2\/pages\/37334\/revisions"}],"predecessor-version":[{"id":37337,"href":"https:\/\/shamsfz.ae\/de\/wp-json\/wp\/v2\/pages\/37334\/revisions\/37337"}],"wp:attachment":[{"href":"https:\/\/shamsfz.ae\/de\/wp-json\/wp\/v2\/media?parent=37334"}],"curies":[{"name":"wp","href":"https:\/\/api.w.org\/{rel}","templated":true}]}}