{"id":37342,"date":"2025-04-28T10:56:43","date_gmt":"2025-04-28T06:56:43","guid":{"rendered":"https:\/\/shamsfz.ae\/karriere\/"},"modified":"2026-03-30T08:38:16","modified_gmt":"2026-03-30T04:38:16","slug":"karriere","status":"publish","type":"page","link":"https:\/\/shamsfz.ae\/de\/karriere\/","title":{"rendered":"Karriere"},"content":{"rendered":"\t\t<div data-elementor-type=\"wp-page\" data-elementor-id=\"37342\" class=\"elementor elementor-37342 elementor-1180\" data-elementor-post-type=\"page\">\n\t\t\t\t<div class=\"elementor-element elementor-element-7a34e0e e-flex e-con-boxed e-con e-parent\" data-id=\"7a34e0e\" data-element_type=\"container\" data-e-type=\"container\" data-settings=\"{&quot;background_background&quot;:&quot;classic&quot;}\">\n\t\t\t\t\t<div class=\"e-con-inner\">\n\t\t\t\t<div class=\"elementor-element elementor-element-8ff75dc elementor-absolute elementor-widget elementor-widget-image\" data-id=\"8ff75dc\" data-element_type=\"widget\" data-e-type=\"widget\" data-settings=\"{&quot;_position&quot;:&quot;absolute&quot;}\" data-widget_type=\"image.default\">\n\t\t\t\t<div class=\"elementor-widget-container\">\n\t\t\t\t\t\t\t\t\t\t\t\t\t\t\t<img fetchpriority=\"high\" decoding=\"async\" width=\"800\" height=\"545\" src=\"https:\/\/shamsfz.ae\/wp-content\/uploads\/2025\/04\/Vector-2.svg\" class=\"attachment-large size-large wp-image-35044\" alt=\"\" \/>\t\t\t\t\t\t\t\t\t\t\t\t\t\t\t<\/div>\n\t\t\t\t<\/div>\n\t\t\t\t<div class=\"elementor-element elementor-element-b222d48 elementor-widget__width-inherit elementor-absolute elementor-widget elementor-widget-image\" data-id=\"b222d48\" data-element_type=\"widget\" data-e-type=\"widget\" data-settings=\"{&quot;_position&quot;:&quot;absolute&quot;}\" data-widget_type=\"image.default\">\n\t\t\t\t<div class=\"elementor-widget-container\">\n\t\t\t\t\t\t\t\t\t\t\t\t\t\t\t<img decoding=\"async\" width=\"593\" height=\"1024\" src=\"https:\/\/shamsfz.ae\/wp-content\/uploads\/2025\/04\/blur-593x1024.webp\" class=\"attachment-large size-large wp-image-35036\" alt=\"\" srcset=\"https:\/\/shamsfz.ae\/wp-content\/uploads\/2025\/04\/blur-593x1024.webp 593w, https:\/\/shamsfz.ae\/wp-content\/uploads\/2025\/04\/blur-174x300.webp 174w, https:\/\/shamsfz.ae\/wp-content\/uploads\/2025\/04\/blur.webp 732w\" sizes=\"(max-width: 593px) 100vw, 593px\" \/>\t\t\t\t\t\t\t\t\t\t\t\t\t\t\t<\/div>\n\t\t\t\t<\/div>\n\t\t\t\t<div class=\"elementor-element elementor-element-092e386 elementor-widget__width-inherit elementor-absolute elementor-widget elementor-widget-image\" data-id=\"092e386\" data-element_type=\"widget\" data-e-type=\"widget\" data-settings=\"{&quot;_position&quot;:&quot;absolute&quot;}\" data-widget_type=\"image.default\">\n\t\t\t\t<div class=\"elementor-widget-container\">\n\t\t\t\t\t\t\t\t\t\t\t\t\t\t\t<img decoding=\"async\" width=\"593\" height=\"1024\" src=\"https:\/\/shamsfz.ae\/wp-content\/uploads\/2025\/04\/blur-593x1024.webp\" class=\"attachment-large size-large wp-image-35036\" alt=\"\" srcset=\"https:\/\/shamsfz.ae\/wp-content\/uploads\/2025\/04\/blur-593x1024.webp 593w, https:\/\/shamsfz.ae\/wp-content\/uploads\/2025\/04\/blur-174x300.webp 174w, https:\/\/shamsfz.ae\/wp-content\/uploads\/2025\/04\/blur.webp 732w\" sizes=\"(max-width: 593px) 100vw, 593px\" \/>\t\t\t\t\t\t\t\t\t\t\t\t\t\t\t<\/div>\n\t\t\t\t<\/div>\n\t\t<div class=\"elementor-element elementor-element-893cd26 e-con-full e-flex e-con e-child\" data-id=\"893cd26\" data-element_type=\"container\" data-e-type=\"container\">\n\t\t<div class=\"elementor-element elementor-element-14b9352 e-con-full e-flex e-con e-child\" data-id=\"14b9352\" data-element_type=\"container\" data-e-type=\"container\">\n\t\t\t\t<div class=\"elementor-element elementor-element-67ebb9f elementor-widget elementor-widget-image\" data-id=\"67ebb9f\" data-element_type=\"widget\" data-e-type=\"widget\" data-widget_type=\"image.default\">\n\t\t\t\t<div class=\"elementor-widget-container\">\n\t\t\t\t\t\t\t\t\t\t\t\t\t\t\t<img decoding=\"async\" width=\"512\" height=\"127\" src=\"https:\/\/shamsfz.ae\/wp-content\/uploads\/craeer-group-image.webp\" class=\"attachment-large size-large wp-image-37351\" alt=\"\" srcset=\"https:\/\/shamsfz.ae\/wp-content\/uploads\/craeer-group-image.webp 512w, https:\/\/shamsfz.ae\/wp-content\/uploads\/craeer-group-image-300x74.webp 300w\" sizes=\"(max-width: 512px) 100vw, 512px\" \/>\t\t\t\t\t\t\t\t\t\t\t\t\t\t\t<\/div>\n\t\t\t\t<\/div>\n\t\t\t\t<div class=\"elementor-element elementor-element-5716519 elementor-widget__width-initial elementor-invisible elementor-widget elementor-widget-heading\" data-id=\"5716519\" data-element_type=\"widget\" data-e-type=\"widget\" data-settings=\"{&quot;_animation&quot;:&quot;fadeIn&quot;}\" data-widget_type=\"heading.default\">\n\t\t\t\t<div class=\"elementor-widget-container\">\n\t\t\t\t\t<h1 class=\"elementor-heading-title elementor-size-default\">Treten Sie dem Team bei<\/h1>\t\t\t\t<\/div>\n\t\t\t\t<\/div>\n\t\t\t\t<div class=\"elementor-element elementor-element-af1277d elementor-invisible elementor-widget elementor-widget-heading\" data-id=\"af1277d\" data-element_type=\"widget\" data-e-type=\"widget\" data-settings=\"{&quot;_animation&quot;:&quot;fadeInUp&quot;,&quot;_animation_delay&quot;:20}\" data-widget_type=\"heading.default\">\n\t\t\t\t<div class=\"elementor-widget-container\">\n\t\t\t\t\t<p class=\"elementor-heading-title elementor-size-default\">Gestalten Sie die Zukunft des Gesch\u00e4fts mit uns<\/p>\t\t\t\t<\/div>\n\t\t\t\t<\/div>\n\t\t<div class=\"elementor-element elementor-element-fcc0fb1 e-con-full elementor-hidden-desktop elementor-hidden-tablet e-flex e-con e-child\" data-id=\"fcc0fb1\" data-element_type=\"container\" data-e-type=\"container\">\n\t\t\t\t<div class=\"elementor-element elementor-element-8afc9af custom-drag-cursor elementor-widget elementor-widget-image-carousel\" data-id=\"8afc9af\" data-element_type=\"widget\" data-e-type=\"widget\" data-settings=\"{&quot;slides_to_show&quot;:&quot;3&quot;,&quot;navigation&quot;:&quot;none&quot;,&quot;image_spacing_custom&quot;:{&quot;unit&quot;:&quot;px&quot;,&quot;size&quot;:32,&quot;sizes&quot;:[]},&quot;autoplay&quot;:&quot;yes&quot;,&quot;pause_on_hover&quot;:&quot;yes&quot;,&quot;pause_on_interaction&quot;:&quot;yes&quot;,&quot;autoplay_speed&quot;:5000,&quot;infinite&quot;:&quot;yes&quot;,&quot;speed&quot;:500,&quot;image_spacing_custom_tablet&quot;:{&quot;unit&quot;:&quot;px&quot;,&quot;size&quot;:&quot;&quot;,&quot;sizes&quot;:[]},&quot;image_spacing_custom_mobile&quot;:{&quot;unit&quot;:&quot;px&quot;,&quot;size&quot;:&quot;&quot;,&quot;sizes&quot;:[]}}\" data-widget_type=\"image-carousel.default\">\n\t\t\t\t<div class=\"elementor-widget-container\">\n\t\t\t\t\t\t\t<div class=\"elementor-image-carousel-wrapper swiper\" role=\"region\" aria-roledescription=\"carousel\" aria-label=\"Our Team\" dir=\"ltr\">\n\t\t\t<div class=\"elementor-image-carousel swiper-wrapper\" aria-live=\"off\">\n\t\t\t\t\t\t\t\t<div class=\"swiper-slide\" role=\"group\" aria-roledescription=\"slide\" aria-label=\"1 von 5\"><figure class=\"swiper-slide-inner\"><img decoding=\"async\" class=\"swiper-slide-image\" src=\"https:\/\/shamsfz.ae\/wp-content\/uploads\/2025\/04\/IMG_7293.webp\" alt=\"IMG_7293\" \/><\/figure><\/div><div class=\"swiper-slide\" role=\"group\" aria-roledescription=\"slide\" aria-label=\"2 von 5\"><figure class=\"swiper-slide-inner\"><img decoding=\"async\" class=\"swiper-slide-image\" src=\"https:\/\/shamsfz.ae\/wp-content\/uploads\/2025\/04\/IMG_7298.webp\" alt=\"IMG_7298\" \/><\/figure><\/div><div class=\"swiper-slide\" role=\"group\" aria-roledescription=\"slide\" aria-label=\"3 von 5\"><figure class=\"swiper-slide-inner\"><img decoding=\"async\" class=\"swiper-slide-image\" src=\"https:\/\/shamsfz.ae\/wp-content\/uploads\/2025\/04\/IMG_7305.webp\" alt=\"IMG_7305\" \/><\/figure><\/div><div class=\"swiper-slide\" role=\"group\" aria-roledescription=\"slide\" aria-label=\"4 von 5\"><figure class=\"swiper-slide-inner\"><img decoding=\"async\" class=\"swiper-slide-image\" src=\"https:\/\/shamsfz.ae\/wp-content\/uploads\/2025\/04\/IMG_7322.webp\" alt=\"IMG_7322\" \/><\/figure><\/div><div class=\"swiper-slide\" role=\"group\" aria-roledescription=\"slide\" aria-label=\"5 von 5\"><figure class=\"swiper-slide-inner\"><img decoding=\"async\" class=\"swiper-slide-image\" src=\"https:\/\/shamsfz.ae\/wp-content\/uploads\/2025\/04\/IMG_7351.webp\" alt=\"IMG_7351\" \/><\/figure><\/div>\t\t\t<\/div>\n\t\t\t\t\t\t\t\n\t\t\t\t\t\t\t\t\t<\/div>\n\t\t\t\t\t\t<\/div>\n\t\t\t\t<\/div>\n\t\t\t\t<div class=\"elementor-element elementor-element-3f840a9 elementor-widget elementor-widget-html\" data-id=\"3f840a9\" data-element_type=\"widget\" data-e-type=\"widget\" data-widget_type=\"html.default\">\n\t\t\t\t<div class=\"elementor-widget-container\">\n\t\t\t\t\t<script>document.addEventListener('DOMContentLoaded', function() {\n  const container = document.querySelector('.custom-drag-cursor');\n\n  if (container) {\n    \/\/ Create the fake cursor\n    const fakeCursor = document.createElement('img');\n    fakeCursor.className = 'fake-cursor';\n    fakeCursor.src = '\/wp-content\/uploads\/2025\/04\/cursor.webp';\n    fakeCursor.alt = 'Custom Cursor';\n    fakeCursor.draggable = false;\n\n    container.appendChild(fakeCursor);\n\n    container.addEventListener('pointerenter', () => {\n      fakeCursor.style.opacity = '1';\n    });\n\n    container.addEventListener('pointerleave', () => {\n      fakeCursor.style.opacity = '0';\n    });\n\n    container.addEventListener('pointermove', (e) => {\n      const rect = container.getBoundingClientRect();\n      const x = e.clientX - rect.left;\n      const y = e.clientY - rect.top;\n      fakeCursor.style.transform = `translate(${x}px, ${y}px) translate(-50%, -50%)`;\n    });\n  }\n});\n<\/script>\t\t\t\t<\/div>\n\t\t\t\t<\/div>\n\t\t\t\t<\/div>\n\t\t\t\t<div class=\"elementor-element elementor-element-5d8d074 elementor-widget-tablet__width-inherit elementor-widget__width-initial elementor-invisible elementor-widget elementor-widget-heading\" data-id=\"5d8d074\" data-element_type=\"widget\" data-e-type=\"widget\" data-settings=\"{&quot;_animation&quot;:&quot;fadeInUp&quot;,&quot;_animation_delay&quot;:50}\" data-widget_type=\"heading.default\">\n\t\t\t\t<div class=\"elementor-widget-container\">\n\t\t\t\t\t<p class=\"elementor-heading-title elementor-size-default\">In der Shams Free Zone bauen wir mehr als nur ein Reiseziel f\u00fcr Unternehmen, wir bauen eine Gemeinschaft von mutigen Denkern, Innovatoren und Ver\u00e4nderern auf. Wenn Sie mit Leidenschaft das Wachstum vorantreiben, etwas bewirken und in einem dynamischen, zukunftsorientierten Umfeld arbeiten m\u00f6chten, w\u00fcrden wir uns freuen, von Ihnen zu h\u00f6ren. <\/p>\t\t\t\t<\/div>\n\t\t\t\t<\/div>\n\t\t\t\t<div class=\"elementor-element elementor-element-19152bb elementor-mobile-align-justify elementor-widget elementor-widget-button\" data-id=\"19152bb\" data-element_type=\"widget\" data-e-type=\"widget\" data-widget_type=\"button.default\">\n\t\t\t\t<div class=\"elementor-widget-container\">\n\t\t\t\t\t\t\t\t\t<div class=\"elementor-button-wrapper\">\n\t\t\t\t\t<a class=\"elementor-button elementor-button-link elementor-size-sm\" href=\"#elementor-action%3Aaction%3Dpopup%3Aopen%26settings%3DeyJpZCI6MTAxNTMsInRvZ2dsZSI6ZmFsc2V9\">\n\t\t\t\t\t\t<span class=\"elementor-button-content-wrapper\">\n\t\t\t\t\t\t<span class=\"elementor-button-icon\">\n\t\t\t\t<svg aria-hidden=\"true\" class=\"e-font-icon-svg e-fas-chevron-right\" viewBox=\"0 0 320 512\" xmlns=\"http:\/\/www.w3.org\/2000\/svg\"><path d=\"M285.476 272.971L91.132 467.314c-9.373 9.373-24.569 9.373-33.941 0l-22.667-22.667c-9.357-9.357-9.375-24.522-.04-33.901L188.505 256 34.484 101.255c-9.335-9.379-9.317-24.544.04-33.901l22.667-22.667c9.373-9.373 24.569-9.373 33.941 0L285.475 239.03c9.373 9.372 9.373 24.568.001 33.941z\"><\/path><\/svg>\t\t\t<\/span>\n\t\t\t\t\t\t\t\t\t<span class=\"elementor-button-text\">Jetzt bewerben<\/span>\n\t\t\t\t\t<\/span>\n\t\t\t\t\t<\/a>\n\t\t\t\t<\/div>\n\t\t\t\t\t\t\t\t<\/div>\n\t\t\t\t<\/div>\n\t\t\t\t<\/div>\n\t\t\t\t<\/div>\n\t\t\t\t\t<\/div>\n\t\t\t\t<\/div>\n\t\t<div class=\"elementor-element elementor-element-874d251 e-con-full elementor-hidden-mobile e-flex e-con e-parent\" data-id=\"874d251\" data-element_type=\"container\" data-e-type=\"container\">\n\t\t\t\t<div class=\"elementor-element elementor-element-27abbf6 custom-drag-cursor elementor-widget elementor-widget-image-carousel\" data-id=\"27abbf6\" data-element_type=\"widget\" data-e-type=\"widget\" data-settings=\"{&quot;slides_to_show&quot;:&quot;3&quot;,&quot;navigation&quot;:&quot;none&quot;,&quot;image_spacing_custom&quot;:{&quot;unit&quot;:&quot;px&quot;,&quot;size&quot;:32,&quot;sizes&quot;:[]},&quot;autoplay&quot;:&quot;yes&quot;,&quot;pause_on_hover&quot;:&quot;yes&quot;,&quot;pause_on_interaction&quot;:&quot;yes&quot;,&quot;autoplay_speed&quot;:5000,&quot;infinite&quot;:&quot;yes&quot;,&quot;speed&quot;:500,&quot;image_spacing_custom_tablet&quot;:{&quot;unit&quot;:&quot;px&quot;,&quot;size&quot;:&quot;&quot;,&quot;sizes&quot;:[]},&quot;image_spacing_custom_mobile&quot;:{&quot;unit&quot;:&quot;px&quot;,&quot;size&quot;:&quot;&quot;,&quot;sizes&quot;:[]}}\" data-widget_type=\"image-carousel.default\">\n\t\t\t\t<div class=\"elementor-widget-container\">\n\t\t\t\t\t\t\t<div class=\"elementor-image-carousel-wrapper swiper\" role=\"region\" aria-roledescription=\"carousel\" aria-label=\"Our Team\" dir=\"ltr\">\n\t\t\t<div class=\"elementor-image-carousel swiper-wrapper\" aria-live=\"off\">\n\t\t\t\t\t\t\t\t<div class=\"swiper-slide\" role=\"group\" aria-roledescription=\"slide\" aria-label=\"1 von 5\"><figure class=\"swiper-slide-inner\"><img decoding=\"async\" class=\"swiper-slide-image\" src=\"https:\/\/shamsfz.ae\/wp-content\/uploads\/2025\/04\/IMG_7293.webp\" alt=\"IMG_7293\" \/><\/figure><\/div><div class=\"swiper-slide\" role=\"group\" aria-roledescription=\"slide\" aria-label=\"2 von 5\"><figure class=\"swiper-slide-inner\"><img decoding=\"async\" class=\"swiper-slide-image\" src=\"https:\/\/shamsfz.ae\/wp-content\/uploads\/2025\/04\/IMG_7298.webp\" alt=\"IMG_7298\" \/><\/figure><\/div><div class=\"swiper-slide\" role=\"group\" aria-roledescription=\"slide\" aria-label=\"3 von 5\"><figure class=\"swiper-slide-inner\"><img decoding=\"async\" class=\"swiper-slide-image\" src=\"https:\/\/shamsfz.ae\/wp-content\/uploads\/2025\/04\/IMG_7305.webp\" alt=\"IMG_7305\" \/><\/figure><\/div><div class=\"swiper-slide\" role=\"group\" aria-roledescription=\"slide\" aria-label=\"4 von 5\"><figure class=\"swiper-slide-inner\"><img decoding=\"async\" class=\"swiper-slide-image\" src=\"https:\/\/shamsfz.ae\/wp-content\/uploads\/2025\/04\/IMG_7322.webp\" alt=\"IMG_7322\" \/><\/figure><\/div><div class=\"swiper-slide\" role=\"group\" aria-roledescription=\"slide\" aria-label=\"5 von 5\"><figure class=\"swiper-slide-inner\"><img decoding=\"async\" class=\"swiper-slide-image\" src=\"https:\/\/shamsfz.ae\/wp-content\/uploads\/2025\/04\/IMG_7351.webp\" alt=\"IMG_7351\" \/><\/figure><\/div>\t\t\t<\/div>\n\t\t\t\t\t\t\t\n\t\t\t\t\t\t\t\t\t<\/div>\n\t\t\t\t\t\t<\/div>\n\t\t\t\t<\/div>\n\t\t\t\t<div class=\"elementor-element elementor-element-c63d13d elementor-widget elementor-widget-html\" data-id=\"c63d13d\" data-element_type=\"widget\" data-e-type=\"widget\" data-widget_type=\"html.default\">\n\t\t\t\t<div class=\"elementor-widget-container\">\n\t\t\t\t\t<script>document.addEventListener('DOMContentLoaded', function() {\n  const container = document.querySelector('.custom-drag-cursor');\n\n  if (container) {\n    \/\/ Create the fake cursor\n    const fakeCursor = document.createElement('img');\n    fakeCursor.className = 'fake-cursor';\n    fakeCursor.src = '\/wp-content\/uploads\/2025\/04\/cursor.webp';\n    fakeCursor.alt = 'Custom Cursor';\n    fakeCursor.draggable = false;\n\n    container.appendChild(fakeCursor);\n\n    container.addEventListener('pointerenter', () => {\n      fakeCursor.style.opacity = '1';\n    });\n\n    container.addEventListener('pointerleave', () => {\n      fakeCursor.style.opacity = '0';\n    });\n\n    container.addEventListener('pointermove', (e) => {\n      const rect = container.getBoundingClientRect();\n      const x = e.clientX - rect.left;\n      const y = e.clientY - rect.top;\n      fakeCursor.style.transform = `translate(${x}px, ${y}px) translate(-50%, -50%)`;\n    });\n  }\n});\n<\/script>\t\t\t\t<\/div>\n\t\t\t\t<\/div>\n\t\t\t\t<\/div>\n\t\t\t\t<\/div>\n\t\t","protected":false},"excerpt":{"rendered":"<p>Treten Sie dem Team bei Gestalten Sie die Zukunft des Gesch\u00e4fts mit uns In der Shams Free Zone bauen wir mehr als nur ein Reiseziel f\u00fcr Unternehmen, wir bauen eine Gemeinschaft von mutigen Denkern, Innovatoren und Ver\u00e4nderern auf. Wenn Sie mit Leidenschaft das Wachstum vorantreiben, etwas bewirken und in einem dynamischen, zukunftsorientierten Umfeld arbeiten m\u00f6chten, [&hellip;]<\/p>\n","protected":false},"author":4,"featured_media":0,"parent":0,"menu_order":2,"comment_status":"closed","ping_status":"closed","template":"","meta":{"footnotes":""},"class_list":["post-37342","page","type-page","status-publish","hentry"],"_links":{"self":[{"href":"https:\/\/shamsfz.ae\/de\/wp-json\/wp\/v2\/pages\/37342","targetHints":{"allow":["GET"]}}],"collection":[{"href":"https:\/\/shamsfz.ae\/de\/wp-json\/wp\/v2\/pages"}],"about":[{"href":"https:\/\/shamsfz.ae\/de\/wp-json\/wp\/v2\/types\/page"}],"author":[{"embeddable":true,"href":"https:\/\/shamsfz.ae\/de\/wp-json\/wp\/v2\/users\/4"}],"replies":[{"embeddable":true,"href":"https:\/\/shamsfz.ae\/de\/wp-json\/wp\/v2\/comments?post=37342"}],"version-history":[{"count":1,"href":"https:\/\/shamsfz.ae\/de\/wp-json\/wp\/v2\/pages\/37342\/revisions"}],"predecessor-version":[{"id":37352,"href":"https:\/\/shamsfz.ae\/de\/wp-json\/wp\/v2\/pages\/37342\/revisions\/37352"}],"wp:attachment":[{"href":"https:\/\/shamsfz.ae\/de\/wp-json\/wp\/v2\/media?parent=37342"}],"curies":[{"name":"wp","href":"https:\/\/api.w.org\/{rel}","templated":true}]}}